{"id":421,"date":"2025-02-24T07:20:33","date_gmt":"2025-02-24T07:20:33","guid":{"rendered":"https:\/\/keopshidroluminic.com\/politica-de-privacidad\/"},"modified":"2025-03-27T11:56:39","modified_gmt":"2025-03-27T11:56:39","slug":"politica-de-privadesa","status":"publish","type":"page","link":"https:\/\/keopshidroluminic.com\/ca\/politica-de-privadesa\/","title":{"rendered":"Pol\u00edtica de Privadesa"},"content":{"rendered":"<h2 style=\"text-align: center;\">Pol\u00edtica de Privadesa<\/h2>\n<p class=\"\" data-start=\"90\" data-end=\"133\"><strong data-start=\"90\" data-end=\"133\">Protecci\u00f3 de dades de car\u00e0cter personal<\/strong><\/p>\n<p class=\"\" data-start=\"135\" data-end=\"347\">A trav\u00e9s d&#8217;aquesta pol\u00edtica de privacitat, Cesar Suari Castro desitja informar a totes les persones que naveguin i accedeixin al lloc web keopshidroluminic.comsobre els tractaments de dades personals realitzats.<\/p>\n<p class=\"\" data-start=\"349\" data-end=\"528\">L&#8217;acc\u00e9s al lloc web no requereix cap registre previ. En qualsevol cas, amb la seva navegaci\u00f3, l&#8217;Usuari accepta \u00edntegrament aquesta pol\u00edtica de privacitat i la pol\u00edtica de cookies.<\/p>\n<p class=\"\" data-start=\"530\" data-end=\"813\">Abans de l&#8217;enviament de qualsevol sol\u00b7licitud d&#8217;informaci\u00f3 a trav\u00e9s del formulari de contacte d&#8217;aquesta p\u00e0gina web, l&#8217;usuari ha de posar-se d&#8217;acord amb la pol\u00edtica de privacitat per a prestar el consentiment expr\u00e9s i informat pel tractament de les dades amb les finalitats indicades.<\/p>\n<p class=\"\" data-start=\"815\" data-end=\"1248\">Conforme al Reglament (UE) 2016\/679, de 27 d&#8217;abril de 2016, relatiu a la protecci\u00f3 de les persones f\u00edsiques en el que fa al tractament de dades personals i a la lliure circulaci\u00f3 d\u2019aquests, i subsidi\u00e0riament en el no regulat, el Reial decret 1720\/2007, de 21 de desembre, pel qual s&#8217;aprova el Reglament de desenvolupament de la Llei org\u00e0nica 15\/1999, de 13 de desembre, de Protecci\u00f3 de Dades de Car\u00e0cter Personal, Cesar Suari Castro:<\/p>\n<p class=\"\" data-start=\"1250\" data-end=\"1277\"><strong data-start=\"1250\" data-end=\"1277\">Responsable del fitxer:<\/strong><\/p>\n<p class=\"\" data-start=\"1279\" data-end=\"1408\">Domicili social: c\/Mayor, 11 Dosrius 08318 Barcelona<br data-start=\"1331\" data-end=\"1334\" \/>CIF: 52167928H<br data-start=\"1348\" data-end=\"1351\" \/>Tel\u00e8fon: 625 661 295<br data-start=\"1371\" data-end=\"1374\" \/>Email: <a rel=\"noopener\" data-start=\"1381\" data-end=\"1408\">keopshidroluminic@gmail.com<\/a><\/p>\n<p class=\"\" data-start=\"1410\" data-end=\"1447\">A partir d&#8217;ara anomenada &#8220;L&#8217;Empresa.&#8221;<\/p>\n<p class=\"\" data-start=\"1449\" data-end=\"1572\"><strong data-start=\"1449\" data-end=\"1490\">Finalitat i conservaci\u00f3 de les dades:<\/strong><br data-start=\"1490\" data-end=\"1493\" \/>&#8220;L&#8217;Empresa&#8221; tractar\u00e0 les dades dels Usuaris conforme a les seg\u00fcents finalitats:<\/p>\n<ul data-start=\"1574\" data-end=\"2384\">\n<li class=\"\" data-start=\"1574\" data-end=\"1960\">\n<p class=\"\" data-start=\"1576\" data-end=\"1960\">Gestionar l&#8217;\u00fas de les funcionalitats posades a disposici\u00f3 a trav\u00e9s del Lloc Web. Les dades tractades amb aquesta finalitat es conservaran mentre es mantingui la relaci\u00f3 contractual i\/o mercantil entre l&#8217;Usuari i L&#8217;Empresa. En cas que les sol\u00b7licituds realitzades per un usuari no mantinguin una relaci\u00f3 contractual, les dades es conservaran fins que s\u2019hagi resolt aquesta sol\u00b7licitud.<\/p>\n<\/li>\n<li class=\"\" data-start=\"1962\" data-end=\"2175\">\n<p class=\"\" data-start=\"1964\" data-end=\"2175\">Gestionar les sol\u00b7licituds d&#8217;ocupaci\u00f3 i els processos de selecci\u00f3. Les dades tractades amb aquesta finalitat es conservaran com a m\u00e0xim durant 1 any des de la seva recepci\u00f3 o finalitzaci\u00f3 del proc\u00e9s de selecci\u00f3.<\/p>\n<\/li>\n<li class=\"\" data-start=\"2177\" data-end=\"2384\">\n<p class=\"\" data-start=\"2179\" data-end=\"2384\">Mantenir informats els usuaris mitjan\u00e7ant comunicacions comercials sobre serveis i novetats de L&#8217;Empresa. L&#8217;Usuari nom\u00e9s rebr\u00e0 aquestes comunicacions comercials si accepta, marcant la casella corresponent.<\/p>\n<\/li>\n<\/ul>\n<p class=\"\" data-start=\"2386\" data-end=\"2512\">Aquestes dades nom\u00e9s seran tractades fins al moment en qu\u00e8 l&#8217;Usuari retiri el seu consentiment o exerceixi el dret d&#8217;oposici\u00f3.<\/p>\n<p class=\"\" data-start=\"2514\" data-end=\"2615\"><strong data-start=\"2514\" data-end=\"2531\">Destinataris:<\/strong> Les dades dels usuaris no seran cedides a tercers excepte en cas d&#8217;obligaci\u00f3 legal.<\/p>\n<p class=\"\" data-start=\"2617\" data-end=\"3263\"><strong data-start=\"2617\" data-end=\"2627\">Drets:<\/strong> En qualsevol moment, l&#8217;Usuari podr\u00e0 exercir gratu\u00eftament els seus drets d&#8217;acc\u00e9s, rectificaci\u00f3, oposici\u00f3 i supressi\u00f3 de dades, aix\u00ed com els altres drets regulats en el Reglament (UE) 679\/2016, com ara el dret a la portabilitat i la limitaci\u00f3 del tractament, mitjan\u00e7ant escrit acompanyat d&#8217;una c\u00f2pia del DNI o document v\u00e0lid que l&#8217;identifiqui a L&#8217;Empresa a l&#8217;adre\u00e7a Ronda Llevant, 4, 08310 Barcelona (Ref. Protecci\u00f3 de Dades), o a la seg\u00fcent adre\u00e7a de correu electr\u00f2nic <a rel=\"noopener\" data-start=\"3096\" data-end=\"3123\">keopshidroluminic@gmail.com<\/a>. L&#8217;Empresa informa l&#8217;Usuari que, si ho considera oport\u00fa, t\u00e9 el dret de presentar una reclamaci\u00f3 davant l&#8217;autoritat de control corresponent.<\/p>\n<p class=\"\" data-start=\"3265\" data-end=\"3352\"><strong data-start=\"3265\" data-end=\"3352\">\u00c9s obligatori proporcionar tota la informaci\u00f3 sol\u00b7licitada a l&#8217;apartat de contacte?<\/strong><\/p>\n<p class=\"\" data-start=\"3354\" data-end=\"3731\">Pel que fa als formularis del Lloc Web, l&#8217;Usuari ha de completar els camps marcats com &#8220;requerit&#8221;. No completar les dades personals requerides o fer-ho parcialment pot suposar que L&#8217;Empresa no pugui atendre les sol\u00b7licituds de l&#8217;Usuari, i en conseq\u00fc\u00e8ncia, L&#8217;Empresa quedar\u00e0 exonerada de tota responsabilitat per la no prestaci\u00f3 o prestaci\u00f3 incompleta dels serveis sol\u00b7licitats.<\/p>\n<p class=\"\" data-start=\"3733\" data-end=\"3946\">Les dades personals que l&#8217;Usuari faciliti a L&#8217;Empresa han de ser actuals perqu\u00e8 la informaci\u00f3 dels registres estigui actualitzada i sense errors. L&#8217;Usuari ser\u00e0 responsable de la veracitat de les dades facilitades.<\/p>\n<p class=\"\" data-start=\"3948\" data-end=\"4098\"><strong data-start=\"3948\" data-end=\"3966\">Menors d&#8217;edat:<\/strong> Els menors de 14 anys no poden cedir les seves dades personals a L&#8217;Empresa sense el consentiment dels seus pares i\/o tutors legals.<\/p>\n<p class=\"\" data-start=\"4100\" data-end=\"4428\">En cas que L&#8217;Empresa detecti que l&#8217;Usuari \u00e9s menor de 14 anys, es reserva el dret de sol\u00b7licitar c\u00f2pia del seu DNI o document d&#8217;identitat equivalent, o en el seu cas, l&#8217;autoritzaci\u00f3 dels seus pares i\/o tutors legals, procedint a donar de baixa l&#8217;usuari en cas de no acreditar el compliment d\u2019aquest requisit o falta de resposta.<\/p>\n<p class=\"\" data-start=\"4430\" data-end=\"4486\"><strong data-start=\"4430\" data-end=\"4486\">Quines mesures de seguretat t\u00e9 implantada l&#8217;empresa?<\/strong><\/p>\n<p class=\"\" data-start=\"4488\" data-end=\"4686\">L&#8217;Empresa informa que el tractament que realitza de dades personals es fa en tot moment d&#8217;acord amb la normativa aplicable en mat\u00e8ria de protecci\u00f3 de dades i serveis de la societat de la informaci\u00f3.<\/p>\n<p class=\"\" data-start=\"4688\" data-end=\"5133\">L&#8217;Empresa ha implantat les mesures de seguretat t\u00e8cniques i organitzatives necess\u00e0ries per garantir la seguretat de les dades personals de l&#8217;Usuari i evitar la seva alteraci\u00f3, p\u00e8rdua, tractament i\/o acc\u00e9s no autoritzat d&#8217;acord amb l&#8217;estat de la tecnologia, la naturalesa de les dades emmagatzemades i els riscos als quals estan exposades, ja provinents de l&#8217;acci\u00f3 humana o del medi f\u00edsic o natural, d&#8217;acord amb el que preveu la normativa vigent.<\/p>\n<p class=\"\" data-start=\"5135\" data-end=\"5153\"><strong data-start=\"5135\" data-end=\"5153\">Xarxes socials<\/strong><\/p>\n<p class=\"\" data-start=\"5155\" data-end=\"5386\">L&#8217;Empresa disposa de perfils a les xarxes socials amb la finalitat de publicar i difondre informaci\u00f3 sobre els serveis prestats a trav\u00e9s de la p\u00e0gina web, interactuar amb els usuaris i oferir un canal d&#8217;atenci\u00f3 i interacci\u00f3 social.<\/p>\n<p class=\"\" data-start=\"5388\" data-end=\"5505\">A continuaci\u00f3 es citen les xarxes socials en les quals L&#8217;Empresa t\u00e9 un perfil obert amb el nom comercial \u201cL&#8217;Empresa\u201d:<\/p>\n<ul data-start=\"5507\" data-end=\"5528\">\n<li class=\"\" data-start=\"5507\" data-end=\"5516\">Instagram<\/li>\n<\/ul>\n","protected":false},"excerpt":{"rendered":"<p>Pol\u00edtica de Privadesa Protecci\u00f3 de dades de car\u00e0cter personal A trav\u00e9s d&#8217;aquesta pol\u00edtica de privacitat, Cesar Suari Castro desitja informar a totes les persones que naveguin i accedeixin al lloc web keopshidroluminic.comsobre els tractaments de dades personals realitzats. L&#8217;acc\u00e9s al lloc web no requereix cap registre previ. En qualsevol cas, amb la seva navegaci\u00f3, l&#8217;Usuari [&hellip;]<\/p>\n","protected":false},"author":1,"featured_media":0,"parent":0,"menu_order":0,"comment_status":"closed","ping_status":"closed","template":"","meta":{"footnotes":""},"class_list":["post-421","page","type-page","status-publish","hentry"],"yoast_head":"<!-- This site is optimized with the Yoast SEO plugin v24.9 - https:\/\/yoast.com\/wordpress\/plugins\/seo\/ -->\n<title>Pol\u00edtica de Privadesa - keops<\/title>\n<meta name=\"robots\" content=\"index, follow, max-snippet:-1, max-image-preview:large, max-video-preview:-1\" \/>\n<link rel=\"canonical\" href=\"https:\/\/keopshidroluminic.com\/ca\/politica-de-privadesa\/\" \/>\n<meta property=\"og:locale\" content=\"ca_ES\" \/>\n<meta property=\"og:type\" content=\"article\" \/>\n<meta property=\"og:title\" content=\"Pol\u00edtica de Privadesa - keops\" \/>\n<meta property=\"og:description\" content=\"Pol\u00edtica de Privadesa Protecci\u00f3 de dades de car\u00e0cter personal A trav\u00e9s d&#8217;aquesta pol\u00edtica de privacitat, Cesar Suari Castro desitja informar a totes les persones que naveguin i accedeixin al lloc web keopshidroluminic.comsobre els tractaments de dades personals realitzats. L&#8217;acc\u00e9s al lloc web no requereix cap registre previ. En qualsevol cas, amb la seva navegaci\u00f3, l&#8217;Usuari [&hellip;]\" \/>\n<meta property=\"og:url\" content=\"https:\/\/keopshidroluminic.com\/ca\/politica-de-privadesa\/\" \/>\n<meta property=\"og:site_name\" content=\"keops\" \/>\n<meta property=\"article:modified_time\" content=\"2025-03-27T11:56:39+00:00\" \/>\n<meta name=\"twitter:card\" content=\"summary_large_image\" \/>\n<meta name=\"twitter:label1\" content=\"Temps estimat de lectura\" \/>\n\t<meta name=\"twitter:data1\" content=\"4 minuts\" \/>\n<script type=\"application\/ld+json\" class=\"yoast-schema-graph\">{\"@context\":\"https:\/\/schema.org\",\"@graph\":[{\"@type\":\"WebPage\",\"@id\":\"https:\/\/keopshidroluminic.com\/ca\/politica-de-privadesa\/\",\"url\":\"https:\/\/keopshidroluminic.com\/ca\/politica-de-privadesa\/\",\"name\":\"Pol\u00edtica de Privadesa - keops\",\"isPartOf\":{\"@id\":\"https:\/\/keopshidroluminic.com\/#website\"},\"datePublished\":\"2025-02-24T07:20:33+00:00\",\"dateModified\":\"2025-03-27T11:56:39+00:00\",\"breadcrumb\":{\"@id\":\"https:\/\/keopshidroluminic.com\/ca\/politica-de-privadesa\/#breadcrumb\"},\"inLanguage\":\"ca\",\"potentialAction\":[{\"@type\":\"ReadAction\",\"target\":[\"https:\/\/keopshidroluminic.com\/ca\/politica-de-privadesa\/\"]}]},{\"@type\":\"BreadcrumbList\",\"@id\":\"https:\/\/keopshidroluminic.com\/ca\/politica-de-privadesa\/#breadcrumb\",\"itemListElement\":[{\"@type\":\"ListItem\",\"position\":1,\"name\":\"Portada\",\"item\":\"https:\/\/keopshidroluminic.com\/ca\/inici\/\"},{\"@type\":\"ListItem\",\"position\":2,\"name\":\"Pol\u00edtica de Privadesa\"}]},{\"@type\":\"WebSite\",\"@id\":\"https:\/\/keopshidroluminic.com\/#website\",\"url\":\"https:\/\/keopshidroluminic.com\/\",\"name\":\"keops\",\"description\":\"\",\"potentialAction\":[{\"@type\":\"SearchAction\",\"target\":{\"@type\":\"EntryPoint\",\"urlTemplate\":\"https:\/\/keopshidroluminic.com\/?s={search_term_string}\"},\"query-input\":{\"@type\":\"PropertyValueSpecification\",\"valueRequired\":true,\"valueName\":\"search_term_string\"}}],\"inLanguage\":\"ca\"}]}<\/script>\n<!-- \/ Yoast SEO plugin. -->","yoast_head_json":{"title":"Pol\u00edtica de Privadesa - keops","robots":{"index":"index","follow":"follow","max-snippet":"max-snippet:-1","max-image-preview":"max-image-preview:large","max-video-preview":"max-video-preview:-1"},"canonical":"https:\/\/keopshidroluminic.com\/ca\/politica-de-privadesa\/","og_locale":"ca_ES","og_type":"article","og_title":"Pol\u00edtica de Privadesa - keops","og_description":"Pol\u00edtica de Privadesa Protecci\u00f3 de dades de car\u00e0cter personal A trav\u00e9s d&#8217;aquesta pol\u00edtica de privacitat, Cesar Suari Castro desitja informar a totes les persones que naveguin i accedeixin al lloc web keopshidroluminic.comsobre els tractaments de dades personals realitzats. L&#8217;acc\u00e9s al lloc web no requereix cap registre previ. En qualsevol cas, amb la seva navegaci\u00f3, l&#8217;Usuari [&hellip;]","og_url":"https:\/\/keopshidroluminic.com\/ca\/politica-de-privadesa\/","og_site_name":"keops","article_modified_time":"2025-03-27T11:56:39+00:00","twitter_card":"summary_large_image","twitter_misc":{"Temps estimat de lectura":"4 minuts"},"schema":{"@context":"https:\/\/schema.org","@graph":[{"@type":"WebPage","@id":"https:\/\/keopshidroluminic.com\/ca\/politica-de-privadesa\/","url":"https:\/\/keopshidroluminic.com\/ca\/politica-de-privadesa\/","name":"Pol\u00edtica de Privadesa - keops","isPartOf":{"@id":"https:\/\/keopshidroluminic.com\/#website"},"datePublished":"2025-02-24T07:20:33+00:00","dateModified":"2025-03-27T11:56:39+00:00","breadcrumb":{"@id":"https:\/\/keopshidroluminic.com\/ca\/politica-de-privadesa\/#breadcrumb"},"inLanguage":"ca","potentialAction":[{"@type":"ReadAction","target":["https:\/\/keopshidroluminic.com\/ca\/politica-de-privadesa\/"]}]},{"@type":"BreadcrumbList","@id":"https:\/\/keopshidroluminic.com\/ca\/politica-de-privadesa\/#breadcrumb","itemListElement":[{"@type":"ListItem","position":1,"name":"Portada","item":"https:\/\/keopshidroluminic.com\/ca\/inici\/"},{"@type":"ListItem","position":2,"name":"Pol\u00edtica de Privadesa"}]},{"@type":"WebSite","@id":"https:\/\/keopshidroluminic.com\/#website","url":"https:\/\/keopshidroluminic.com\/","name":"keops","description":"","potentialAction":[{"@type":"SearchAction","target":{"@type":"EntryPoint","urlTemplate":"https:\/\/keopshidroluminic.com\/?s={search_term_string}"},"query-input":{"@type":"PropertyValueSpecification","valueRequired":true,"valueName":"search_term_string"}}],"inLanguage":"ca"}]}},"_links":{"self":[{"href":"https:\/\/keopshidroluminic.com\/ca\/wp-json\/wp\/v2\/pages\/421","targetHints":{"allow":["GET"]}}],"collection":[{"href":"https:\/\/keopshidroluminic.com\/ca\/wp-json\/wp\/v2\/pages"}],"about":[{"href":"https:\/\/keopshidroluminic.com\/ca\/wp-json\/wp\/v2\/types\/page"}],"author":[{"embeddable":true,"href":"https:\/\/keopshidroluminic.com\/ca\/wp-json\/wp\/v2\/users\/1"}],"replies":[{"embeddable":true,"href":"https:\/\/keopshidroluminic.com\/ca\/wp-json\/wp\/v2\/comments?post=421"}],"version-history":[{"count":0,"href":"https:\/\/keopshidroluminic.com\/ca\/wp-json\/wp\/v2\/pages\/421\/revisions"}],"wp:attachment":[{"href":"https:\/\/keopshidroluminic.com\/ca\/wp-json\/wp\/v2\/media?parent=421"}],"curies":[{"name":"wp","href":"https:\/\/api.w.org\/{rel}","templated":true}]}}