{"id":416,"date":"2025-02-24T10:21:46","date_gmt":"2025-02-24T10:21:46","guid":{"rendered":"https:\/\/keopshidroluminic.com\/aviso-legal\/"},"modified":"2025-03-27T11:52:51","modified_gmt":"2025-03-27T11:52:51","slug":"avis-legal","status":"publish","type":"page","link":"https:\/\/keopshidroluminic.com\/ca\/avis-legal\/","title":{"rendered":"Av\u00eds Legal"},"content":{"rendered":"<h2 style=\"text-align: center;\">Av\u00eds Legal<\/h2>\n<p class=\"\" data-start=\"85\" data-end=\"384\">En compliment de la Llei 34\/2002, de 11 de juliol, de Serveis de la Societat de la Informaci\u00f3 i de Comer\u00e7 Electr\u00f2nic, s&#8217;informa a l&#8217;Usuari que el titular de la p\u00e0gina web \u00e9s <strong data-start=\"259\" data-end=\"284\">keopshidroluminic.com<\/strong> de la denominaci\u00f3 social <strong data-start=\"310\" data-end=\"332\">Cesar Suari Castro<\/strong> i les seves dades d&#8217;identificaci\u00f3 s\u00f3n les seg\u00fcents:<\/p>\n<p class=\"\" data-start=\"386\" data-end=\"534\"><strong data-start=\"386\" data-end=\"405\">Domicili social<\/strong>: c\/Mayor, 11 Dosrius 08318 Barcelona<br data-start=\"442\" data-end=\"445\" \/><strong data-start=\"445\" data-end=\"452\">CIF<\/strong>: 52167928H<br data-start=\"463\" data-end=\"466\" \/><strong data-start=\"466\" data-end=\"477\">Tel\u00e8fon<\/strong>: 625 661 295<br data-start=\"490\" data-end=\"493\" \/><strong data-start=\"493\" data-end=\"503\">E-mail<\/strong>: <a rel=\"noopener\" data-start=\"505\" data-end=\"532\">keopshidroluminic@gmail.com<\/a><\/p>\n<p class=\"\" data-start=\"536\" data-end=\"562\">Des d&#8217;ara, <strong data-start=\"547\" data-end=\"562\">&#8220;L&#8217;empresa&#8221;<\/strong><\/p>\n<ol>\n<li data-start=\"564\" data-end=\"1631\"><strong data-start=\"564\" data-end=\"589\">Acc\u00e9s a la p\u00e0gina web<\/strong><br data-start=\"589\" data-end=\"592\" \/>L&#8217;<strong data-start=\"594\" data-end=\"608\">av\u00eds legal<\/strong> regula l&#8217;acc\u00e9s i \u00fas dels Usuaris a la p\u00e0gina web i t\u00e9 com a objectiu donar a con\u00e8ixer els productes de l&#8217;entitat i permetre l&#8217;acc\u00e9s general de tots els usuaris d&#8217;Internet. L&#8217;acc\u00e9s i\/o \u00fas de la web atorga a qui ho realitza la condici\u00f3 d&#8217;Usuari i l&#8217;acceptaci\u00f3, sense reserves de cap tipus, de totes i cadascuna de les presents condicions generals, aix\u00ed com d&#8217;aquelles altres particulars que, si escau, regiran l&#8217;\u00fas del Portal o dels serveis vinculats al mateix. L&#8217;usuari ha de llegir atentament l&#8217;<strong data-start=\"1104\" data-end=\"1118\">Av\u00eds Legal<\/strong> i les <strong data-start=\"1125\" data-end=\"1153\">Pol\u00edtiques de Privacitat<\/strong> i de <strong data-start=\"1159\" data-end=\"1170\">Cookies<\/strong> quan es proposi utilitzar la p\u00e0gina web, ja que <strong data-start=\"1219\" data-end=\"1232\">L&#8217;empresa<\/strong> es reserva la facultat de realitzar, en qualsevol moment i sense necessitat de cap preav\u00eds, qualsevol modificaci\u00f3 o actualitzaci\u00f3 dels continguts i serveis, de les presents disposicions d&#8217;acc\u00e9s i \u00fas i, en general, de tots els elements que integrin el disseny i configuraci\u00f3 de la seva web. Si no accepta les condicions d&#8217;acc\u00e9s i \u00fas, li preguem que s&#8217;abstingui d&#8217;utilitzar la web i el seu contingut.<\/li>\n<li data-start=\"564\" data-end=\"1631\"><strong data-start=\"1633\" data-end=\"1668\">\u00a0Utilitzaci\u00f3 de la p\u00e0gina web<\/strong><br data-start=\"1668\" data-end=\"1671\" \/>L&#8217;Usuari es compromet a fer un \u00fas diligent de la p\u00e0gina web, aix\u00ed com de la informaci\u00f3 relativa als seus serveis i activitats, amb total subjecci\u00f3 tant a la normativa aplicable, com amb la moral i bones costums generalment acceptades i l&#8217;ordre p\u00fablic, les condicions d&#8217;acc\u00e9s i \u00fas i quantes altres condicions s&#8217;estableixin a la p\u00e0gina web.A m\u00e9s, es compromet a abstenir-se d&#8217;utilitzar qualsevol dels continguts amb fins o efectes il\u00b7legals, prohibits en aquest text, lesius dels drets i interessos de tercers, o que de qualsevol manera puguin danyar, inutilitzar, sobrecarregar, deteriorar o impedir la normal utilitzaci\u00f3 dels continguts, altres Usuaris o de qualsevol usuari d&#8217;Internet (hardware i software).<\/li>\n<li data-start=\"2383\" data-end=\"2980\"><strong data-start=\"2383\" data-end=\"2419\">\u00a0Funcionament de la p\u00e0gina web<\/strong><br data-start=\"2419\" data-end=\"2422\" \/>En cas d&#8217;incompliment de les condicions de l&#8217;<strong data-start=\"2467\" data-end=\"2481\">Av\u00eds Legal<\/strong>, o les <strong data-start=\"2489\" data-end=\"2517\">Pol\u00edtiques de Privacitat<\/strong> i <strong data-start=\"2520\" data-end=\"2531\">Cookies<\/strong>, <strong data-start=\"2533\" data-end=\"2546\">L&#8217;empresa<\/strong> es reserva el dret a limitar, suspendre i\/o excloure l&#8217;acc\u00e9s a la seva p\u00e0gina web, adoptant qualsevol mesura t\u00e8cnica necess\u00e0ria al respecte. <strong data-start=\"2688\" data-end=\"2701\">L&#8217;empresa<\/strong> far\u00e0 el possible per mantenir la p\u00e0gina web en bon funcionament, evitant errors, o b\u00e9 reparant-los i mantenint els continguts actualitzats. Ara b\u00e9, <strong data-start=\"2850\" data-end=\"2863\">L&#8217;empresa<\/strong> no garanteix la disponibilitat i continu\u00eftat en l&#8217;acc\u00e9s a la p\u00e0gina web ni la inexist\u00e8ncia d&#8217;errors en el contingut.<\/li>\n<li data-start=\"2383\" data-end=\"2980\"><strong data-start=\"2982\" data-end=\"3004\"><strong data-start=\"2982\" data-end=\"3004\">Responsabilitat<\/strong><\/strong>&nbsp;\n<p>L&#8217;usuari \u00e9s l&#8217;\u00fanic responsable de l&#8217;\u00fas que pugui fer-se de qualsevol informaci\u00f3 o mecanisme de la p\u00e0gina web.<strong data-start=\"3118\" data-end=\"3131\">L&#8217;empresa<\/strong> no es far\u00e0 responsable de cap dany al <strong data-start=\"3170\" data-end=\"3182\">hardware<\/strong> i\/o <strong data-start=\"3187\" data-end=\"3199\">software<\/strong> de l&#8217;usuari que es derivi de l&#8217;acc\u00e9s i \u00fas de la p\u00e0gina web. Aix\u00ed mateix, tampoc es responsabilitzar\u00e0 d&#8217;aquests danys i\/o perjudicis que es puguin ocasionar per l&#8217;acc\u00e9s i\/o \u00fas de la informaci\u00f3 de la p\u00e0gina web, i en concret dels que puguin produir-se en sistemes inform\u00e0tics o els provocats per virus\/o atacs inform\u00e0tics, caigudes, interrupcions, abs\u00e8ncia o defecte en les comunicacions i\/o Internet.<\/p>\n<p>L&#8217;Usuari ser\u00e0 responsable dels danys i\/o perjudicis que <strong data-start=\"3657\" data-end=\"3670\">L&#8217;empresa<\/strong> pugui patir com a conseq\u00fc\u00e8ncia de l&#8217;incompliment de qualsevol de les obligacions a qu\u00e8 queda sotm\u00e8s a trav\u00e9s d&#8217;aquest <strong data-start=\"3789\" data-end=\"3803\">Av\u00eds Legal<\/strong>, la normativa aplicable i <strong data-start=\"3830\" data-end=\"3856\">Pol\u00edtica de Privacitat<\/strong> i de <strong data-start=\"3862\" data-end=\"3873\">Cookies<\/strong>.<\/li>\n<li data-start=\"3876\" data-end=\"3941\"><strong data-start=\"3876\" data-end=\"3941\"><strong data-start=\"3876\" data-end=\"3941\">Pol\u00edtica en mat\u00e8ria de &#8220;Links&#8221; (Web enlla\u00e7ant i enlla\u00e7ada)<\/strong><\/strong>&nbsp;\n<p><strong data-start=\"3943\" data-end=\"3960\">Web enlla\u00e7ant<br \/>\n<\/strong>Els tercers que tinguin la intenci\u00f3 d&#8217;incloure en una p\u00e0gina web un enlla\u00e7 d&#8217;aquesta p\u00e0gina hauran de complir amb la legislaci\u00f3 vigent i no podran allotjar continguts inadequats, il\u00b7legals, pornogr\u00e0fics, violents, etc.En cap cas <strong data-start=\"4194\" data-end=\"4207\">L&#8217;empresa<\/strong> es fa responsable del contingut de la P\u00e0gina Web, ni promou, garanteix, supervisa ni recomana els continguts d&#8217;aquesta.<\/p>\n<p>Si la <strong data-start=\"4335\" data-end=\"4352\">Web enlla\u00e7ant<\/strong> incompleix algun dels aspectes anteriors, estar\u00e0 obligada a suprimir l&#8217;enlla\u00e7 de manera immediata.<\/p>\n<p><strong data-start=\"4453\" data-end=\"4470\">Web enlla\u00e7ada<\/strong><\/p>\n<p>En aquesta p\u00e0gina web es poden incloure vincles de p\u00e0gines web de tercers que permetin accedir a l&#8217;Usuari. No obstant aix\u00f2, <strong data-start=\"4597\" data-end=\"4610\">L&#8217;empresa<\/strong> no es fa responsable del contingut d&#8217;aquestes p\u00e0gines web enlla\u00e7ades, sin\u00f3 que ser\u00e0 l&#8217;usuari l&#8217;encarregat d&#8217;acceptar i comprovar els accessos cada vegada que hi accedeixi.<\/p>\n<p>Aquests enlla\u00e7os o mencions tenen una finalitat que no impliquen el suport, aprovaci\u00f3, comercialitzaci\u00f3 o relaci\u00f3 alguna entre la p\u00e0gina i les persones o entitats titulars dels llocs on es trobin.<\/li>\n<li data-start=\"4982\" data-end=\"5552\"><strong data-start=\"4982\" data-end=\"5046\">Propietat Intel\u00b7lectual i Industrial sobre els continguts<\/strong><br data-start=\"5046\" data-end=\"5049\" \/><strong data-start=\"5049\" data-end=\"5062\">L&#8217;empresa<\/strong> o els seus llicenciants s\u00f3n titulars de tots els drets de propietat intel\u00b7lectual sobre els continguts de la p\u00e0gina web, entenent com a tal tots els dissenys, bases de dades, programes d&#8217;ordinadors subjacents (codi font, incl\u00f2s), aix\u00ed com els diferents elements que integren la p\u00e0gina web (textos, gr\u00e0fics, fotografies, v\u00eddeos, colors, etc.), estructura, ordre, etc. Pel que fa a les marques i noms comercials (&#8220;signes distintius&#8221;) s\u00f3n titularitat de <strong data-start=\"5514\" data-end=\"5527\">L&#8217;empresa<\/strong> o els seus llicenciants.L&#8217;\u00fas de la p\u00e0gina web per part de l&#8217;usuari no suposa la cessi\u00f3 de cap dret de propietat intel\u00b7lectual ni industrial. L&#8217;usuari t\u00e9 totalment prohibit reproduir, copiar, distribuir, posar a disposici\u00f3 o de qualsevol altra manera comunicar p\u00fablicament, transformar o modificar els continguts o els signes distintius, excepte que compti amb l&#8217;autoritzaci\u00f3 del titular dels drets corresponents o aix\u00f2 resulti legalment perm\u00e8s.<\/li>\n<li data-start=\"5976\" data-end=\"6260\"><strong data-start=\"5976\" data-end=\"5993\">Publicitat<\/strong><br data-start=\"5993\" data-end=\"5996\" \/>A la p\u00e0gina web es podran allotjar continguts publicitaris o patrocinats. Els anunciants o patrocinadors s\u00f3n els \u00fanics responsables d&#8217;assegurar-se que el material enviat per a la seva inclusi\u00f3 a la web compleixi amb les lleis que en cada cas puguin ser aplicables.<strong data-start=\"6262\" data-end=\"6275\">L&#8217;empresa<\/strong> no ser\u00e0 responsable de cap error, inexactitud o irregularitat que puguin contenir els continguts publicitaris o patrocinadors.<\/li>\n<li data-start=\"5976\" data-end=\"6260\"><strong data-start=\"6404\" data-end=\"6431\"><strong data-start=\"6404\" data-end=\"6431\">Legislaci\u00f3 aplicable<\/strong><\/strong>&nbsp;\n<p>L&#8217;<strong data-start=\"6436\" data-end=\"6450\">Av\u00eds Legal<\/strong> es regir\u00e0 i interpretar\u00e0 d&#8217;acord amb la legislaci\u00f3 espanyola.Per resoldre qualsevol conflicte que pugui derivar-se de l&#8217;acc\u00e9s al lloc web, es sotmetran als jutjats o tribunals pertinents d&#8217;acord amb la normativa de consumidors i usuaris.<\/li>\n<li data-start=\"5976\" data-end=\"6260\"><strong data-start=\"6692\" data-end=\"6707\"><strong data-start=\"6692\" data-end=\"6707\">Contacte<\/strong><\/strong>&nbsp;\n<p>Per a qualsevol pregunta o comentari sobre aquest <strong data-start=\"6760\" data-end=\"6774\">Av\u00eds Legal<\/strong> pot posar-se en contacte amb nosaltres a trav\u00e9s del correu electr\u00f2nic <strong data-start=\"6845\" data-end=\"6876\"><a rel=\"noopener\" data-start=\"6847\" data-end=\"6874\">keopshidroluminic@gmail.com<\/a><\/strong>.<\/li>\n<\/ol>\n","protected":false},"excerpt":{"rendered":"<p>Av\u00eds Legal En compliment de la Llei 34\/2002, de 11 de juliol, de Serveis de la Societat de la Informaci\u00f3 i de Comer\u00e7 Electr\u00f2nic, s&#8217;informa a l&#8217;Usuari que el titular de la p\u00e0gina web \u00e9s keopshidroluminic.com de la denominaci\u00f3 social Cesar Suari Castro i les seves dades d&#8217;identificaci\u00f3 s\u00f3n les seg\u00fcents: Domicili social: c\/Mayor, 11 [&hellip;]<\/p>\n","protected":false},"author":1,"featured_media":0,"parent":0,"menu_order":0,"comment_status":"closed","ping_status":"closed","template":"","meta":{"footnotes":""},"class_list":["post-416","page","type-page","status-publish","hentry"],"yoast_head":"<!-- This site is optimized with the Yoast SEO plugin v24.9 - https:\/\/yoast.com\/wordpress\/plugins\/seo\/ -->\n<title>Av\u00eds Legal - keops<\/title>\n<meta name=\"robots\" content=\"index, follow, max-snippet:-1, max-image-preview:large, max-video-preview:-1\" \/>\n<link rel=\"canonical\" href=\"https:\/\/keopshidroluminic.com\/ca\/avis-legal\/\" \/>\n<meta property=\"og:locale\" content=\"ca_ES\" \/>\n<meta property=\"og:type\" content=\"article\" \/>\n<meta property=\"og:title\" content=\"Av\u00eds Legal - keops\" \/>\n<meta property=\"og:description\" content=\"Av\u00eds Legal En compliment de la Llei 34\/2002, de 11 de juliol, de Serveis de la Societat de la Informaci\u00f3 i de Comer\u00e7 Electr\u00f2nic, s&#8217;informa a l&#8217;Usuari que el titular de la p\u00e0gina web \u00e9s keopshidroluminic.com de la denominaci\u00f3 social Cesar Suari Castro i les seves dades d&#8217;identificaci\u00f3 s\u00f3n les seg\u00fcents: Domicili social: c\/Mayor, 11 [&hellip;]\" \/>\n<meta property=\"og:url\" content=\"https:\/\/keopshidroluminic.com\/ca\/avis-legal\/\" \/>\n<meta property=\"og:site_name\" content=\"keops\" \/>\n<meta property=\"article:modified_time\" content=\"2025-03-27T11:52:51+00:00\" \/>\n<meta name=\"twitter:card\" content=\"summary_large_image\" \/>\n<meta name=\"twitter:label1\" content=\"Temps estimat de lectura\" \/>\n\t<meta name=\"twitter:data1\" content=\"5 minuts\" \/>\n<script type=\"application\/ld+json\" class=\"yoast-schema-graph\">{\"@context\":\"https:\/\/schema.org\",\"@graph\":[{\"@type\":\"WebPage\",\"@id\":\"https:\/\/keopshidroluminic.com\/ca\/avis-legal\/\",\"url\":\"https:\/\/keopshidroluminic.com\/ca\/avis-legal\/\",\"name\":\"Av\u00eds Legal - keops\",\"isPartOf\":{\"@id\":\"https:\/\/keopshidroluminic.com\/#website\"},\"datePublished\":\"2025-02-24T10:21:46+00:00\",\"dateModified\":\"2025-03-27T11:52:51+00:00\",\"breadcrumb\":{\"@id\":\"https:\/\/keopshidroluminic.com\/ca\/avis-legal\/#breadcrumb\"},\"inLanguage\":\"ca\",\"potentialAction\":[{\"@type\":\"ReadAction\",\"target\":[\"https:\/\/keopshidroluminic.com\/ca\/avis-legal\/\"]}]},{\"@type\":\"BreadcrumbList\",\"@id\":\"https:\/\/keopshidroluminic.com\/ca\/avis-legal\/#breadcrumb\",\"itemListElement\":[{\"@type\":\"ListItem\",\"position\":1,\"name\":\"Portada\",\"item\":\"https:\/\/keopshidroluminic.com\/ca\/inici\/\"},{\"@type\":\"ListItem\",\"position\":2,\"name\":\"Av\u00eds Legal\"}]},{\"@type\":\"WebSite\",\"@id\":\"https:\/\/keopshidroluminic.com\/#website\",\"url\":\"https:\/\/keopshidroluminic.com\/\",\"name\":\"keops\",\"description\":\"\",\"potentialAction\":[{\"@type\":\"SearchAction\",\"target\":{\"@type\":\"EntryPoint\",\"urlTemplate\":\"https:\/\/keopshidroluminic.com\/?s={search_term_string}\"},\"query-input\":{\"@type\":\"PropertyValueSpecification\",\"valueRequired\":true,\"valueName\":\"search_term_string\"}}],\"inLanguage\":\"ca\"}]}<\/script>\n<!-- \/ Yoast SEO plugin. -->","yoast_head_json":{"title":"Av\u00eds Legal - keops","robots":{"index":"index","follow":"follow","max-snippet":"max-snippet:-1","max-image-preview":"max-image-preview:large","max-video-preview":"max-video-preview:-1"},"canonical":"https:\/\/keopshidroluminic.com\/ca\/avis-legal\/","og_locale":"ca_ES","og_type":"article","og_title":"Av\u00eds Legal - keops","og_description":"Av\u00eds Legal En compliment de la Llei 34\/2002, de 11 de juliol, de Serveis de la Societat de la Informaci\u00f3 i de Comer\u00e7 Electr\u00f2nic, s&#8217;informa a l&#8217;Usuari que el titular de la p\u00e0gina web \u00e9s keopshidroluminic.com de la denominaci\u00f3 social Cesar Suari Castro i les seves dades d&#8217;identificaci\u00f3 s\u00f3n les seg\u00fcents: Domicili social: c\/Mayor, 11 [&hellip;]","og_url":"https:\/\/keopshidroluminic.com\/ca\/avis-legal\/","og_site_name":"keops","article_modified_time":"2025-03-27T11:52:51+00:00","twitter_card":"summary_large_image","twitter_misc":{"Temps estimat de lectura":"5 minuts"},"schema":{"@context":"https:\/\/schema.org","@graph":[{"@type":"WebPage","@id":"https:\/\/keopshidroluminic.com\/ca\/avis-legal\/","url":"https:\/\/keopshidroluminic.com\/ca\/avis-legal\/","name":"Av\u00eds Legal - keops","isPartOf":{"@id":"https:\/\/keopshidroluminic.com\/#website"},"datePublished":"2025-02-24T10:21:46+00:00","dateModified":"2025-03-27T11:52:51+00:00","breadcrumb":{"@id":"https:\/\/keopshidroluminic.com\/ca\/avis-legal\/#breadcrumb"},"inLanguage":"ca","potentialAction":[{"@type":"ReadAction","target":["https:\/\/keopshidroluminic.com\/ca\/avis-legal\/"]}]},{"@type":"BreadcrumbList","@id":"https:\/\/keopshidroluminic.com\/ca\/avis-legal\/#breadcrumb","itemListElement":[{"@type":"ListItem","position":1,"name":"Portada","item":"https:\/\/keopshidroluminic.com\/ca\/inici\/"},{"@type":"ListItem","position":2,"name":"Av\u00eds Legal"}]},{"@type":"WebSite","@id":"https:\/\/keopshidroluminic.com\/#website","url":"https:\/\/keopshidroluminic.com\/","name":"keops","description":"","potentialAction":[{"@type":"SearchAction","target":{"@type":"EntryPoint","urlTemplate":"https:\/\/keopshidroluminic.com\/?s={search_term_string}"},"query-input":{"@type":"PropertyValueSpecification","valueRequired":true,"valueName":"search_term_string"}}],"inLanguage":"ca"}]}},"_links":{"self":[{"href":"https:\/\/keopshidroluminic.com\/ca\/wp-json\/wp\/v2\/pages\/416","targetHints":{"allow":["GET"]}}],"collection":[{"href":"https:\/\/keopshidroluminic.com\/ca\/wp-json\/wp\/v2\/pages"}],"about":[{"href":"https:\/\/keopshidroluminic.com\/ca\/wp-json\/wp\/v2\/types\/page"}],"author":[{"embeddable":true,"href":"https:\/\/keopshidroluminic.com\/ca\/wp-json\/wp\/v2\/users\/1"}],"replies":[{"embeddable":true,"href":"https:\/\/keopshidroluminic.com\/ca\/wp-json\/wp\/v2\/comments?post=416"}],"version-history":[{"count":0,"href":"https:\/\/keopshidroluminic.com\/ca\/wp-json\/wp\/v2\/pages\/416\/revisions"}],"wp:attachment":[{"href":"https:\/\/keopshidroluminic.com\/ca\/wp-json\/wp\/v2\/media?parent=416"}],"curies":[{"name":"wp","href":"https:\/\/api.w.org\/{rel}","templated":true}]}}