{"id":414,"date":"2025-02-24T10:22:05","date_gmt":"2025-02-24T10:22:05","guid":{"rendered":"https:\/\/keopshidroluminic.com\/politica-de-cookies\/"},"modified":"2025-03-27T11:58:04","modified_gmt":"2025-03-27T11:58:04","slug":"politica-de-cookies","status":"publish","type":"page","link":"https:\/\/keopshidroluminic.com\/ca\/politica-de-cookies\/","title":{"rendered":"Pol\u00edtica de cookies"},"content":{"rendered":"<h2 class=\"western\" align=\"center\"><strong><u>Pol\u00edtica de Cookies<\/u><\/strong><\/h2>\n<p class=\"\" data-start=\"95\" data-end=\"134\"><strong data-start=\"95\" data-end=\"134\">IDENTIFICACI\u00d3 I POL\u00cdTICA DE COOKIES<\/strong><\/p>\n<p class=\"\" data-start=\"136\" data-end=\"388\">Aquesta p\u00e0gina web keopshidroluminic.com(en endavant, la &#8220;Web&#8221;) \u00e9s propietat de Cesar Suari Castro, amb la denominaci\u00f3 social Cesar Suari Castro, societat constitu\u00efda i existent d&#8217;acord amb la legislaci\u00f3 espanyola, i provista del CIF n\u00famero B25700469.<\/p>\n<p class=\"\" data-start=\"390\" data-end=\"718\">A la nostra web utilitzem cookies pr\u00f2pies que ens permeten millorar l&#8217;experi\u00e8ncia d&#8217;usuari i oferir continguts adaptats als teus interessos gr\u00e0cies a la personalitzaci\u00f3 del contingut. A m\u00e9s, fem servir cookies de tercers que personalitzen la publicitat de les p\u00e0gines que visites amb contingut d&#8217;inter\u00e8s per als nostres usuaris.<\/p>\n<p class=\"\" data-start=\"720\" data-end=\"894\">En cas que continu\u00efs navegant amb el navegador configurat per acceptar cookies, entendrem que acceptes la instal\u00b7laci\u00f3 de cookies tal com es detalla a la Pol\u00edtica de Cookies.<\/p>\n<p class=\"\" data-start=\"896\" data-end=\"928\"><strong data-start=\"896\" data-end=\"928\">INFORMACI\u00d3 B\u00c0SICA DE COOKIES<\/strong><\/p>\n<p class=\"\" data-start=\"930\" data-end=\"954\"><strong data-start=\"930\" data-end=\"954\">Qu\u00e8 s\u00f3n les cookies?<\/strong><\/p>\n<p class=\"\" data-start=\"956\" data-end=\"1185\">Les cookies s\u00f3n petites peces d&#8217;informaci\u00f3 que es desentenen al navegador del teu ordinador, tauleta o tel\u00e8fon m\u00f2bil quan visites el nostre lloc web, i que faciliten i personalitzen la navegaci\u00f3 quan visitis les mateixes p\u00e0gines.<\/p>\n<p class=\"\" data-start=\"1187\" data-end=\"1211\"><strong data-start=\"1187\" data-end=\"1211\">Qu\u00e8 fan les cookies?<\/strong><\/p>\n<p class=\"\" data-start=\"1213\" data-end=\"1893\">Les cookies no identifiquen personalment i no suposen cap risc per al teu ordinador o dispositiu m\u00f2bil. No s\u00f3n virus ni programari espia. Simplement s\u00f3n eines utilitzades pels llocs web que visites per millorar la seva navegaci\u00f3, per garantir que les teves dades viatgin per la xarxa de manera segura, per ajudar-nos a entendre quina informaci\u00f3 de la nostra web \u00e9s m\u00e9s \u00fatil per als nostres usuaris o per saber quines ofertes poden ser del teu inter\u00e8s. I tot aix\u00f2 de manera totalment an\u00f2nima: mai sabrem el teu nom, adre\u00e7a o tel\u00e8fon a menys que ens els facilitis. Tu decideixes si permets o no les cookies, per\u00f2 si decideixes no permetre-les, has de bloquejar-les al teu navegador.<\/p>\n<p class=\"\" data-start=\"1895\" data-end=\"2127\">A m\u00e9s, has de tenir en compte que, si decideixes no permetre l&#8217;\u00fas de cookies de la Web, potser algunes funcionalitats de la Web no funcionaran correctament i, a m\u00e9s, no podrem adaptar la informaci\u00f3 que et oferim als teus interessos.<\/p>\n<p class=\"\" data-start=\"2129\" data-end=\"2178\"><strong data-start=\"2129\" data-end=\"2178\">Durant quant temps estan actives les cookies?<\/strong><\/p>\n<p class=\"\" data-start=\"2180\" data-end=\"2219\">B\u00e0sicament, hi ha dos tipus de cookies:<\/p>\n<ul data-start=\"2221\" data-end=\"2711\">\n<li class=\"\" data-start=\"2221\" data-end=\"2411\">\n<p class=\"\" data-start=\"2223\" data-end=\"2411\"><strong data-start=\"2223\" data-end=\"2240\">Les de sessi\u00f3<\/strong>, que expiren quan abandones la p\u00e0gina o tanques el navegador, \u00e9s a dir, estan actives mentre dura la teva visita al nostre lloc web. Es borren quan apagues el dispositiu.<\/p>\n<\/li>\n<li class=\"\" data-start=\"2412\" data-end=\"2711\">\n<p class=\"\" data-start=\"2414\" data-end=\"2711\"><strong data-start=\"2414\" data-end=\"2432\">Les permanents<\/strong>, que expiren quan es compleix l&#8217;objectiu per al qual serveixen o quan es borren manualment. Totes tenen una data de borrat autom\u00e0tica i es fan servir normalment en processos de compra online, personalitzacions o en el registre, per no haver de posar la contrasenya constantment.<\/p>\n<\/li>\n<\/ul>\n<p class=\"\" data-start=\"2713\" data-end=\"2773\"><strong data-start=\"2713\" data-end=\"2773\">Per a qu\u00e8 utilitzem les cookies a keopshidroluminic.com?<\/strong><\/p>\n<p class=\"\" data-start=\"2775\" data-end=\"2852\">Utilitzem les cookies per a diferents finalitats que s\u00f3n b\u00e0sicament aquestes:<\/p>\n<ul data-start=\"2854\" data-end=\"3695\">\n<li class=\"\" data-start=\"2854\" data-end=\"2980\">\n<p class=\"\" data-start=\"2856\" data-end=\"2980\"><strong data-start=\"2856\" data-end=\"2869\">T\u00e8cniques<\/strong>: s\u00f3n necess\u00e0ries perqu\u00e8 puguis navegar per la Web correctament i accedir a totes les seccions sense problemes.<\/p>\n<\/li>\n<li class=\"\" data-start=\"2981\" data-end=\"3275\">\n<p class=\"\" data-start=\"2983\" data-end=\"3275\"><strong data-start=\"2983\" data-end=\"2996\">D&#8217;an\u00e0lisi<\/strong>: ens permeten entendre com naveguen per la nostra web, veure qu\u00e8 funciona i qu\u00e8 no, millorar la p\u00e0gina web, calcular quanta gent la visita, amb la finalitat de millorar els serveis que et podem oferir. Aquesta informaci\u00f3 \u00e9s an\u00f2nima, i nom\u00e9s la necessitem per a fins estad\u00edstics.<\/p>\n<\/li>\n<li class=\"\" data-start=\"3276\" data-end=\"3488\">\n<p class=\"\" data-start=\"3278\" data-end=\"3488\"><strong data-start=\"3278\" data-end=\"3313\">Complementos de mitjans socials<\/strong>: faciliten el teu acc\u00e9s als nostres canals a les xarxes socials perqu\u00e8 puguis mantenir-te al dia amb consells i novetats, aix\u00ed com participar de la nostra comunitat en l\u00ednia.<\/p>\n<\/li>\n<li class=\"\" data-start=\"3489\" data-end=\"3695\">\n<p class=\"\" data-start=\"3491\" data-end=\"3695\"><strong data-start=\"3491\" data-end=\"3505\">Publicitat<\/strong>: en ocasions analitzem les teves prefer\u00e8ncies a la web per poder mostrar-te publicitat relacionada amb els teus gustos. Aix\u00ed no et fem perdre temps amb ofertes que realment no et s\u00f3n \u00fatils.<\/p>\n<\/li>\n<\/ul>\n<p class=\"\" data-start=\"3697\" data-end=\"3738\"><strong data-start=\"3697\" data-end=\"3738\">COM CONFIGURAR\/DESACTIVAR LES COOKIES<\/strong><\/p>\n<p class=\"\" data-start=\"3740\" data-end=\"3790\"><strong data-start=\"3740\" data-end=\"3790\">Vols desactivar les cookies del teu navegador?<\/strong><\/p>\n<p class=\"\" data-start=\"3792\" data-end=\"4056\">Per regla general, els navegadors permeten les cookies per defecte. Quan navegues per la Web, est\u00e0s acceptant l&#8217;\u00fas de les cookies. No obstant aix\u00f2, tu decideixes si vols navegar amb o sense cookies, ja que pots modificar les teves prefer\u00e8ncies en qualsevol moment.<\/p>\n","protected":false},"excerpt":{"rendered":"<p>Pol\u00edtica de Cookies IDENTIFICACI\u00d3 I POL\u00cdTICA DE COOKIES Aquesta p\u00e0gina web keopshidroluminic.com(en endavant, la &#8220;Web&#8221;) \u00e9s propietat de Cesar Suari Castro, amb la denominaci\u00f3 social Cesar Suari Castro, societat constitu\u00efda i existent d&#8217;acord amb la legislaci\u00f3 espanyola, i provista del CIF n\u00famero B25700469. A la nostra web utilitzem cookies pr\u00f2pies que ens permeten millorar l&#8217;experi\u00e8ncia [&hellip;]<\/p>\n","protected":false},"author":1,"featured_media":0,"parent":0,"menu_order":0,"comment_status":"closed","ping_status":"closed","template":"","meta":{"footnotes":""},"class_list":["post-414","page","type-page","status-publish","hentry"],"yoast_head":"<!-- This site is optimized with the Yoast SEO plugin v24.9 - https:\/\/yoast.com\/wordpress\/plugins\/seo\/ -->\n<title>Pol\u00edtica de cookies - keops<\/title>\n<meta name=\"robots\" content=\"index, follow, max-snippet:-1, max-image-preview:large, max-video-preview:-1\" \/>\n<link rel=\"canonical\" href=\"https:\/\/keopshidroluminic.com\/ca\/politica-de-cookies\/\" \/>\n<meta property=\"og:locale\" content=\"ca_ES\" \/>\n<meta property=\"og:type\" content=\"article\" \/>\n<meta property=\"og:title\" content=\"Pol\u00edtica de cookies - keops\" \/>\n<meta property=\"og:description\" content=\"Pol\u00edtica de Cookies IDENTIFICACI\u00d3 I POL\u00cdTICA DE COOKIES Aquesta p\u00e0gina web keopshidroluminic.com(en endavant, la &#8220;Web&#8221;) \u00e9s propietat de Cesar Suari Castro, amb la denominaci\u00f3 social Cesar Suari Castro, societat constitu\u00efda i existent d&#8217;acord amb la legislaci\u00f3 espanyola, i provista del CIF n\u00famero B25700469. A la nostra web utilitzem cookies pr\u00f2pies que ens permeten millorar l&#8217;experi\u00e8ncia [&hellip;]\" \/>\n<meta property=\"og:url\" content=\"https:\/\/keopshidroluminic.com\/ca\/politica-de-cookies\/\" \/>\n<meta property=\"og:site_name\" content=\"keops\" \/>\n<meta property=\"article:modified_time\" content=\"2025-03-27T11:58:04+00:00\" \/>\n<meta name=\"twitter:card\" content=\"summary_large_image\" \/>\n<meta name=\"twitter:label1\" content=\"Temps estimat de lectura\" \/>\n\t<meta name=\"twitter:data1\" content=\"3 minuts\" \/>\n<script type=\"application\/ld+json\" class=\"yoast-schema-graph\">{\"@context\":\"https:\/\/schema.org\",\"@graph\":[{\"@type\":\"WebPage\",\"@id\":\"https:\/\/keopshidroluminic.com\/ca\/politica-de-cookies\/\",\"url\":\"https:\/\/keopshidroluminic.com\/ca\/politica-de-cookies\/\",\"name\":\"Pol\u00edtica de cookies - keops\",\"isPartOf\":{\"@id\":\"https:\/\/keopshidroluminic.com\/#website\"},\"datePublished\":\"2025-02-24T10:22:05+00:00\",\"dateModified\":\"2025-03-27T11:58:04+00:00\",\"breadcrumb\":{\"@id\":\"https:\/\/keopshidroluminic.com\/ca\/politica-de-cookies\/#breadcrumb\"},\"inLanguage\":\"ca\",\"potentialAction\":[{\"@type\":\"ReadAction\",\"target\":[\"https:\/\/keopshidroluminic.com\/ca\/politica-de-cookies\/\"]}]},{\"@type\":\"BreadcrumbList\",\"@id\":\"https:\/\/keopshidroluminic.com\/ca\/politica-de-cookies\/#breadcrumb\",\"itemListElement\":[{\"@type\":\"ListItem\",\"position\":1,\"name\":\"Portada\",\"item\":\"https:\/\/keopshidroluminic.com\/ca\/inici\/\"},{\"@type\":\"ListItem\",\"position\":2,\"name\":\"Pol\u00edtica de cookies\"}]},{\"@type\":\"WebSite\",\"@id\":\"https:\/\/keopshidroluminic.com\/#website\",\"url\":\"https:\/\/keopshidroluminic.com\/\",\"name\":\"keops\",\"description\":\"\",\"potentialAction\":[{\"@type\":\"SearchAction\",\"target\":{\"@type\":\"EntryPoint\",\"urlTemplate\":\"https:\/\/keopshidroluminic.com\/?s={search_term_string}\"},\"query-input\":{\"@type\":\"PropertyValueSpecification\",\"valueRequired\":true,\"valueName\":\"search_term_string\"}}],\"inLanguage\":\"ca\"}]}<\/script>\n<!-- \/ Yoast SEO plugin. -->","yoast_head_json":{"title":"Pol\u00edtica de cookies - keops","robots":{"index":"index","follow":"follow","max-snippet":"max-snippet:-1","max-image-preview":"max-image-preview:large","max-video-preview":"max-video-preview:-1"},"canonical":"https:\/\/keopshidroluminic.com\/ca\/politica-de-cookies\/","og_locale":"ca_ES","og_type":"article","og_title":"Pol\u00edtica de cookies - keops","og_description":"Pol\u00edtica de Cookies IDENTIFICACI\u00d3 I POL\u00cdTICA DE COOKIES Aquesta p\u00e0gina web keopshidroluminic.com(en endavant, la &#8220;Web&#8221;) \u00e9s propietat de Cesar Suari Castro, amb la denominaci\u00f3 social Cesar Suari Castro, societat constitu\u00efda i existent d&#8217;acord amb la legislaci\u00f3 espanyola, i provista del CIF n\u00famero B25700469. A la nostra web utilitzem cookies pr\u00f2pies que ens permeten millorar l&#8217;experi\u00e8ncia [&hellip;]","og_url":"https:\/\/keopshidroluminic.com\/ca\/politica-de-cookies\/","og_site_name":"keops","article_modified_time":"2025-03-27T11:58:04+00:00","twitter_card":"summary_large_image","twitter_misc":{"Temps estimat de lectura":"3 minuts"},"schema":{"@context":"https:\/\/schema.org","@graph":[{"@type":"WebPage","@id":"https:\/\/keopshidroluminic.com\/ca\/politica-de-cookies\/","url":"https:\/\/keopshidroluminic.com\/ca\/politica-de-cookies\/","name":"Pol\u00edtica de cookies - keops","isPartOf":{"@id":"https:\/\/keopshidroluminic.com\/#website"},"datePublished":"2025-02-24T10:22:05+00:00","dateModified":"2025-03-27T11:58:04+00:00","breadcrumb":{"@id":"https:\/\/keopshidroluminic.com\/ca\/politica-de-cookies\/#breadcrumb"},"inLanguage":"ca","potentialAction":[{"@type":"ReadAction","target":["https:\/\/keopshidroluminic.com\/ca\/politica-de-cookies\/"]}]},{"@type":"BreadcrumbList","@id":"https:\/\/keopshidroluminic.com\/ca\/politica-de-cookies\/#breadcrumb","itemListElement":[{"@type":"ListItem","position":1,"name":"Portada","item":"https:\/\/keopshidroluminic.com\/ca\/inici\/"},{"@type":"ListItem","position":2,"name":"Pol\u00edtica de cookies"}]},{"@type":"WebSite","@id":"https:\/\/keopshidroluminic.com\/#website","url":"https:\/\/keopshidroluminic.com\/","name":"keops","description":"","potentialAction":[{"@type":"SearchAction","target":{"@type":"EntryPoint","urlTemplate":"https:\/\/keopshidroluminic.com\/?s={search_term_string}"},"query-input":{"@type":"PropertyValueSpecification","valueRequired":true,"valueName":"search_term_string"}}],"inLanguage":"ca"}]}},"_links":{"self":[{"href":"https:\/\/keopshidroluminic.com\/ca\/wp-json\/wp\/v2\/pages\/414","targetHints":{"allow":["GET"]}}],"collection":[{"href":"https:\/\/keopshidroluminic.com\/ca\/wp-json\/wp\/v2\/pages"}],"about":[{"href":"https:\/\/keopshidroluminic.com\/ca\/wp-json\/wp\/v2\/types\/page"}],"author":[{"embeddable":true,"href":"https:\/\/keopshidroluminic.com\/ca\/wp-json\/wp\/v2\/users\/1"}],"replies":[{"embeddable":true,"href":"https:\/\/keopshidroluminic.com\/ca\/wp-json\/wp\/v2\/comments?post=414"}],"version-history":[{"count":0,"href":"https:\/\/keopshidroluminic.com\/ca\/wp-json\/wp\/v2\/pages\/414\/revisions"}],"wp:attachment":[{"href":"https:\/\/keopshidroluminic.com\/ca\/wp-json\/wp\/v2\/media?parent=414"}],"curies":[{"name":"wp","href":"https:\/\/api.w.org\/{rel}","templated":true}]}}