{"id":411,"date":"2025-02-25T08:33:40","date_gmt":"2025-02-25T08:33:40","guid":{"rendered":"https:\/\/keopshidroluminic.com\/cesar-suari\/"},"modified":"2025-03-27T11:29:48","modified_gmt":"2025-03-27T11:29:48","slug":"cesar-suari","status":"publish","type":"page","link":"https:\/\/keopshidroluminic.com\/ca\/cesar-suari\/","title":{"rendered":"C\u00e9sar Suari"},"content":{"rendered":"\n<style type=\"text\/css\" data-created_by=\"avia_inline_auto\" id=\"style-css-av-4173p-37cbafb4f1fdfc8729ec72727ced01a0\">\n.avia-section.av-4173p-37cbafb4f1fdfc8729ec72727ced01a0{\nbackground-repeat:no-repeat;\nbackground-image:url(https:\/\/keopshidroluminic.com\/wp-content\/uploads\/2025\/03\/bg-egipt.jpg);\nbackground-position:50% 100%;\nbackground-attachment:scroll;\n}\n.avia-section.av-4173p-37cbafb4f1fdfc8729ec72727ced01a0 .av-section-color-overlay{\nopacity:0.7;\nbackground-color:#302e2f;\n}\n<\/style>\n<div id='av_section_1'  class='avia-section av-4173p-37cbafb4f1fdfc8729ec72727ced01a0 main_color avia-section-default avia-no-border-styling  avia-builder-el-0  el_before_av_section  avia-builder-el-first  avia-full-stretch avia-bg-style-scroll av-section-color-overlay-active av-minimum-height av-minimum-height-25 av-height-25  container_wrap fullsize'  data-section-bg-repeat='stretch' data-av_minimum_height_pc='25' data-av_min_height_opt='25'><div class=\"av-section-color-overlay-wrap\"><div class=\"av-section-color-overlay\"><\/div><div class='container av-section-cont-open' ><main  role=\"main\" itemprop=\"mainContentOfPage\"  class='template-page content  av-content-full alpha units'><div class='post-entry post-entry-type-page post-entry-411'><div class='entry-content-wrapper clearfix'>\n<div  class='flex_column av-3gma9-8fc626fe197f63edf6e89e10b6ef5b7c av_one_full  avia-builder-el-1  avia-builder-el-no-sibling  first flex_column_div  '     ><p>\n<style type=\"text\/css\" data-created_by=\"avia_inline_auto\" id=\"style-css-av-m8obnpj0-60253d7748f8a1fca97d4dbeab87dd3f\">\n#top .av-special-heading.av-m8obnpj0-60253d7748f8a1fca97d4dbeab87dd3f{\npadding-bottom:10px;\n}\nbody .av-special-heading.av-m8obnpj0-60253d7748f8a1fca97d4dbeab87dd3f .av-special-heading-tag .heading-char{\nfont-size:25px;\n}\n.av-special-heading.av-m8obnpj0-60253d7748f8a1fca97d4dbeab87dd3f .av-subheading{\nfont-size:15px;\n}\n<\/style>\n<div  class='av-special-heading av-m8obnpj0-60253d7748f8a1fca97d4dbeab87dd3f av-special-heading-h1 blockquote modern-quote modern-centered  avia-builder-el-2  el_before_av_hr  avia-builder-el-first '><h1 class='av-special-heading-tag '  itemprop=\"headline\"  >Sobre mi <\/h1><div class=\"special-heading-border\"><div class=\"special-heading-inner-border\"><\/div><\/div><\/div><br \/>\n\n<style type=\"text\/css\" data-created_by=\"avia_inline_auto\" id=\"style-css-av-2xddt-17cac135653314f16434e9594910fb91\">\n#top .hr.av-2xddt-17cac135653314f16434e9594910fb91{\nmargin-top:5px;\nmargin-bottom:5px;\n}\n.hr.av-2xddt-17cac135653314f16434e9594910fb91 .hr-inner{\nwidth:50px;\nborder-color:#ffffff;\n}\n<\/style>\n<div  class='hr av-2xddt-17cac135653314f16434e9594910fb91 hr-custom  avia-builder-el-3  el_after_av_heading  avia-builder-el-last  hr-center hr-icon-no'><span class='hr-inner inner-border-av-border-fat'><span class=\"hr-inner-style\"><\/span><\/span><\/div><\/p><\/div>\n\n<\/div><\/div><\/main><!-- close content main element --><\/div><\/div><\/div><div id='av_section_2'  class='avia-section av-20d6t-2d6d80483ea4b9a79b9e9a39ada02483 main_color avia-section-default avia-no-border-styling  avia-builder-el-4  el_after_av_section  el_before_av_section  avia-bg-style-scroll container_wrap fullsize'  ><div class='container av-section-cont-open' ><div class='template-page content  av-content-full alpha units'><div class='post-entry post-entry-type-page post-entry-411'><div class='entry-content-wrapper clearfix'>\n<div class='flex_column_table av-1eqhh-738b77c627cdf22c56253587419b63e6 sc-av_one_half av-equal-height-column-flextable'><div  class='flex_column av-1eqhh-738b77c627cdf22c56253587419b63e6 av_one_half  avia-builder-el-5  el_before_av_one_half  avia-builder-el-first  first flex_column_table_cell av-equal-height-column av-align-middle  '     ><p>\n<style type=\"text\/css\" data-created_by=\"avia_inline_auto\" id=\"style-css-av-m8obpgl5-05c06cb1a2de63203b063f5525db6361\">\n#top .av-special-heading.av-m8obpgl5-05c06cb1a2de63203b063f5525db6361{\npadding-bottom:10px;\n}\nbody .av-special-heading.av-m8obpgl5-05c06cb1a2de63203b063f5525db6361 .av-special-heading-tag .heading-char{\nfont-size:25px;\n}\n.av-special-heading.av-m8obpgl5-05c06cb1a2de63203b063f5525db6361 .av-subheading{\nfont-size:15px;\n}\n<\/style>\n<div  class='av-special-heading av-m8obpgl5-05c06cb1a2de63203b063f5525db6361 av-special-heading-h2 blockquote modern-quote  avia-builder-el-6  el_before_av_textblock  avia-builder-el-first '><h2 class='av-special-heading-tag '  itemprop=\"headline\"  >Or\u00edgens i formaci\u00f3<\/h2><div class=\"special-heading-border\"><div class=\"special-heading-inner-border\"><\/div><\/div><\/div><br \/>\n<section  class='av_textblock_section av-m8obpqvt-9f385114a14dcc49e5b8f48fa39c65b2 '   itemscope=\"itemscope\" itemtype=\"https:\/\/schema.org\/CreativeWork\" ><div class='avia_textblock'  itemprop=\"text\" ><p>Vaig n\u00e9ixer a Palou (Granollers) el 23 de mar\u00e7 de 1974. Des de sempre, la <strong data-start=\"136\" data-end=\"150\">tecnologia<\/strong> i l&#8217;<strong data-start=\"155\" data-end=\"170\">electr\u00f2nica<\/strong> han estat part de la meva vida. L&#8217;any 2000, vaig obtenir el <strong data-start=\"231\" data-end=\"264\">FPII en t\u00e8cnic en electr\u00f2nica<\/strong>, consolidant aix\u00ed la meva passi\u00f3 per aquest camp.<\/p>\n<\/div><\/section><br \/>\n\n<style type=\"text\/css\" data-created_by=\"avia_inline_auto\" id=\"style-css-av-m8obpwvu-e99df1f331fa3df45e6e26690fcf7f7c\">\n#top .av-special-heading.av-m8obpwvu-e99df1f331fa3df45e6e26690fcf7f7c{\npadding-bottom:10px;\n}\nbody .av-special-heading.av-m8obpwvu-e99df1f331fa3df45e6e26690fcf7f7c .av-special-heading-tag .heading-char{\nfont-size:25px;\n}\n.av-special-heading.av-m8obpwvu-e99df1f331fa3df45e6e26690fcf7f7c .av-subheading{\nfont-size:15px;\n}\n<\/style>\n<div  class='av-special-heading av-m8obpwvu-e99df1f331fa3df45e6e26690fcf7f7c av-special-heading-h2 blockquote modern-quote  avia-builder-el-8  el_after_av_textblock  el_before_av_textblock '><h2 class='av-special-heading-tag '  itemprop=\"headline\"  >Traject\u00f2ria professional<\/h2><div class=\"special-heading-border\"><div class=\"special-heading-inner-border\"><\/div><\/div><\/div><br \/>\n<section  class='av_textblock_section av-m8obq4d3-ea4c19933b388a2d7c836c2737e714aa '   itemscope=\"itemscope\" itemtype=\"https:\/\/schema.org\/CreativeWork\" ><div class='avia_textblock'  itemprop=\"text\" ><p>Des de 1994, he treballat al m\u00f3n de l&#8217;electr\u00f2nica, comen\u00e7ant a l\u00ednies de muntatge <strong data-start=\"126\" data-end=\"133\">SMD<\/strong> i, posteriorment, com a t\u00e8cnic en electr\u00f2nica en <strong data-start=\"183\" data-end=\"192\">I+D+I<\/strong>. L&#8217;any 2014, vaig decidir fer un pas m\u00e9s i vaig establir el meu propi cam\u00ed professional amb <strong data-start=\"285\" data-end=\"305\">SMT-BCN Circuits<\/strong> (<strong data-start=\"307\" data-end=\"322\">SMT-BCN.com<\/strong>), especialitzant-me en muntatge i reparaci\u00f3 de <strong data-start=\"370\" data-end=\"382\">hardware<\/strong>.<\/p>\n<\/div><\/section><\/p><\/div><div class='av-flex-placeholder'><\/div><div  class='flex_column av-12u39-596df883ac671f13674f3baa42fa4c4c av_one_half  avia-builder-el-10  el_after_av_one_half  avia-builder-el-last  flex_column_table_cell av-equal-height-column av-align-middle  '     ><style type=\"text\/css\" data-created_by=\"avia_inline_auto\" id=\"style-css-av-m8obohp8-bd2c3d89ddf8a00a10b4c4ba025fe23c\">\n.avia-image-container.av-m8obohp8-bd2c3d89ddf8a00a10b4c4ba025fe23c img.avia_image{\nbox-shadow:none;\n}\n.avia-image-container.av-m8obohp8-bd2c3d89ddf8a00a10b4c4ba025fe23c .av-image-caption-overlay-center{\ncolor:#ffffff;\n}\n<\/style>\n<div  class='avia-image-container av-m8obohp8-bd2c3d89ddf8a00a10b4c4ba025fe23c av-styling- avia-align-center  avia-builder-el-11  avia-builder-el-no-sibling '   itemprop=\"image\" itemscope=\"itemscope\" itemtype=\"https:\/\/schema.org\/ImageObject\" ><div class=\"avia-image-container-inner\"><div class=\"avia-image-overlay-wrap\"><img decoding=\"async\" fetchpriority=\"high\" class='wp-image-389 avia-img-lazy-loading-not-389 avia_image ' src=\"https:\/\/keopshidroluminic.com\/wp-content\/uploads\/2025\/03\/Cesar-Suari-1-845x684.jpg\" alt='' title='Cesar Suari'  height=\"684\" width=\"845\"  itemprop=\"thumbnailUrl\" srcset=\"https:\/\/keopshidroluminic.com\/wp-content\/uploads\/2025\/03\/Cesar-Suari-1-845x684.jpg 845w, https:\/\/keopshidroluminic.com\/wp-content\/uploads\/2025\/03\/Cesar-Suari-1-495x400.jpg 495w\" sizes=\"(max-width: 845px) 100vw, 845px\" \/><\/div><\/div><\/div><\/div><\/div><!--close column table wrapper. Autoclose: 1 --><\/div><\/div><\/div><!-- close content main div --><\/div><\/div>\n<style type=\"text\/css\" data-created_by=\"avia_inline_auto\" id=\"style-css-av-2x5a5-9e983f9732a1fcd383af49aff4beedec\">\n.avia-section.av-2x5a5-9e983f9732a1fcd383af49aff4beedec{\nbackground-color:#3d3d3d;\nbackground-image:url(https:\/\/keopshidroluminic.com\/wp-content\/uploads\/2025\/02\/exhibition-decor-1-1.png);\nbackground-repeat:no-repeat;\nbackground-position:0% 0%;\nbackground-attachment:scroll;\n}\n<\/style>\n<div id='av_section_3'  class='avia-section av-2x5a5-9e983f9732a1fcd383af49aff4beedec main_color avia-section-default avia-no-border-styling  avia-builder-el-12  el_after_av_section  el_before_av_one_full  avia-full-contain avia-bg-style-scroll container_wrap fullsize'  data-section-bg-repeat='contain'><div class='container av-section-cont-open' ><div class='template-page content  av-content-full alpha units'><div class='post-entry post-entry-type-page post-entry-411'><div class='entry-content-wrapper clearfix'>\n\n<style type=\"text\/css\" data-created_by=\"avia_inline_auto\" id=\"style-css-av-m8obrxpb-920a90d172609c7f85accef9a42480d6\">\n#top .av-special-heading.av-m8obrxpb-920a90d172609c7f85accef9a42480d6{\npadding-bottom:10px;\ncolor:#a18c65;\n}\nbody .av-special-heading.av-m8obrxpb-920a90d172609c7f85accef9a42480d6 .av-special-heading-tag .heading-char{\nfont-size:25px;\n}\n.av-special-heading.av-m8obrxpb-920a90d172609c7f85accef9a42480d6 .special-heading-inner-border{\nborder-color:#a18c65;\n}\n.av-special-heading.av-m8obrxpb-920a90d172609c7f85accef9a42480d6 .av-subheading{\nfont-size:17px;\n}\n<\/style>\n<div  class='av-special-heading av-m8obrxpb-920a90d172609c7f85accef9a42480d6 av-special-heading-h2 custom-color-heading blockquote modern-quote modern-centered  avia-builder-el-13  el_before_av_hr  avia-builder-el-first '><h2 class='av-special-heading-tag '  itemprop=\"headline\"  >El misteri de la pir\u00e0mide de Keops<\/h2><div class=\"special-heading-border\"><div class=\"special-heading-inner-border\"><\/div><\/div><\/div>\n\n<style type=\"text\/css\" data-created_by=\"avia_inline_auto\" id=\"style-css-av-7coh-d7d11a38fdb7d6fe56611c1629dfb1e2\">\n#top .hr.av-7coh-d7d11a38fdb7d6fe56611c1629dfb1e2{\nmargin-top:5px;\nmargin-bottom:5px;\n}\n.hr.av-7coh-d7d11a38fdb7d6fe56611c1629dfb1e2 .hr-inner{\nwidth:50px;\nborder-color:#a18c65;\n}\n<\/style>\n<div  class='hr av-7coh-d7d11a38fdb7d6fe56611c1629dfb1e2 hr-custom  avia-builder-el-14  el_after_av_heading  el_before_av_one_half  hr-center hr-icon-no'><span class='hr-inner inner-border-av-border-fat'><span class=\"hr-inner-style\"><\/span><\/span><\/div>\n<div class='flex_column_table av-1r0gl-ce8075783e7426f76742042483bc1fef sc-av_one_half av-equal-height-column-flextable'><div  class='flex_column av-1r0gl-ce8075783e7426f76742042483bc1fef av_one_half  avia-builder-el-15  el_after_av_hr  el_before_av_one_half  first flex_column_table_cell av-equal-height-column av-align-middle  '     ><style type=\"text\/css\" data-created_by=\"avia_inline_auto\" id=\"style-css-av-m8obsukx-36e16df7ee0774c160506af024855474\">\n.avia-image-container.av-m8obsukx-36e16df7ee0774c160506af024855474 img.avia_image{\nbox-shadow:none;\n}\n.avia-image-container.av-m8obsukx-36e16df7ee0774c160506af024855474 .av-image-caption-overlay-center{\ncolor:#ffffff;\n}\n<\/style>\n<div  class='avia-image-container av-m8obsukx-36e16df7ee0774c160506af024855474 av-styling- avia-align-center  avia-builder-el-16  avia-builder-el-no-sibling '   itemprop=\"image\" itemscope=\"itemscope\" itemtype=\"https:\/\/schema.org\/ImageObject\" ><div class=\"avia-image-container-inner\"><div class=\"avia-image-overlay-wrap\"><img decoding=\"async\" fetchpriority=\"high\" class='wp-image-204 avia-img-lazy-loading-not-204 avia_image ' src=\"https:\/\/keopshidroluminic.com\/wp-content\/uploads\/2025\/02\/pexels-hisham-elshazli-2982695-10131669.jpg\" alt='' title='pexels-hisham-elshazli-2982695-10131669'  height=\"853\" width=\"1279\"  itemprop=\"thumbnailUrl\" srcset=\"https:\/\/keopshidroluminic.com\/wp-content\/uploads\/2025\/02\/pexels-hisham-elshazli-2982695-10131669.jpg 1279w, https:\/\/keopshidroluminic.com\/wp-content\/uploads\/2025\/02\/pexels-hisham-elshazli-2982695-10131669-300x200.jpg 300w, https:\/\/keopshidroluminic.com\/wp-content\/uploads\/2025\/02\/pexels-hisham-elshazli-2982695-10131669-1024x683.jpg 1024w, https:\/\/keopshidroluminic.com\/wp-content\/uploads\/2025\/02\/pexels-hisham-elshazli-2982695-10131669-768x512.jpg 768w, https:\/\/keopshidroluminic.com\/wp-content\/uploads\/2025\/02\/pexels-hisham-elshazli-2982695-10131669-705x470.jpg 705w\" sizes=\"(max-width: 1279px) 100vw, 1279px\" \/><\/div><\/div><\/div><\/div><div class='av-flex-placeholder'><\/div><div  class='flex_column av-450l-411723c05ec50c063839d34e5e3a0cae av_one_half  avia-builder-el-17  el_after_av_one_half  avia-builder-el-last  flex_column_table_cell av-equal-height-column av-align-middle  '     ><style type=\"text\/css\" data-created_by=\"avia_inline_auto\" id=\"style-css-av-m8obs9va-16297ac957f32875ff461b7d39bc4c4d\">\n#top .av_textblock_section.av-m8obs9va-16297ac957f32875ff461b7d39bc4c4d .avia_textblock{\ncolor:#ffffff;\n}\n<\/style>\n<section  class='av_textblock_section av-m8obs9va-16297ac957f32875ff461b7d39bc4c4d '   itemscope=\"itemscope\" itemtype=\"https:\/\/schema.org\/CreativeWork\" ><div class='avia_textblock av_inherit_color'  itemprop=\"text\" ><p class=\"\" data-start=\"44\" data-end=\"344\">A finals de 2016, de manera casual, vaig comen\u00e7ar a aprofundir en l&#8217;enigma de la <strong>Gran Pir\u00e0mide de Keops<\/strong>, intentant descobrir la seva veritable funcionalitat. Durant els \u00faltims 10 anys, he estudiat a fons tota la informaci\u00f3 disponible i he desenvolupat una teoria revolucion\u00e0ria sobre el seu prop\u00f2sit.<\/p>\n<p class=\"\" data-start=\"346\" data-end=\"772\">Aquesta teoria suggereix que els antics egipcis posse\u00efen un coneixement tecnol\u00f2gic avan\u00e7at, i que l&#8217;evoluci\u00f3 moderna basada en l&#8217;electricitat i la llum artificial ha estat un <strong>desviament en la nostra hist\u00f2ria<\/strong>, m\u00e9s una anomalia que un aven\u00e7 real. Si les pir\u00e0mides han existit durant m\u00e9s de <strong>4.000 anys<\/strong>, la seva funci\u00f3 hauria d&#8217;haver marcat el cam\u00ed natural de la nostra tecnologia, una cosa que no hem explorat per desconeixement.<\/p>\n<p class=\"\" data-start=\"774\" data-end=\"917\">Avui, el meu objectiu \u00e9s compartir aquesta visi\u00f3 i obrir un nou debat sobre el veritable paper de les pir\u00e0mides en la hist\u00f2ria de la humanitat.<\/p>\n<\/div><\/section><\/div><\/div><!--close column table wrapper. Autoclose: 1 --><\/div><\/div><\/div><!-- close content main div --><\/div><\/div><div id='after_section_3'  class='main_color av_default_container_wrap container_wrap fullsize'  ><div class='container av-section-cont-open' ><div class='template-page content  av-content-full alpha units'><div class='post-entry post-entry-type-page post-entry-411'><div class='entry-content-wrapper clearfix'><div  class='flex_column av-7099-eaba089024a1f2221d374c757176bc25 av_one_full  avia-builder-el-19  el_after_av_section  avia-builder-el-no-sibling  first flex_column_div  '     ><section  class='av_textblock_section av-1m45d-30f01f61d13a4d15dc7cd769671beb85 '   itemscope=\"itemscope\" itemtype=\"https:\/\/schema.org\/CreativeWork\" ><div class='avia_textblock'  itemprop=\"text\" ><h2 style=\"text-align: center;\">Vols llegir la teoria completa?<\/h2>\n<\/div><\/section><br \/>\n<div  class='avia-button-wrap av-xki9-c91417f2b6c3a74c242de11da0a43386-wrap avia-button-center  avia-builder-el-21  el_after_av_textblock  avia-builder-el-last '><a href='https:\/\/keopshidroluminic.com\/wp-content\/uploads\/2025\/03\/Keops-Pyramid.-Hydro-luminous-power-plant_CAT.pdf'  class='avia-button av-xki9-c91417f2b6c3a74c242de11da0a43386 av-link-btn avia-icon_select-yes-left-icon avia-size-large avia-position-center av-icon-on-hover avia-color-theme-color-highlight'  target=\"_blank\"  rel=\"noopener noreferrer\"  aria-label=\"Teoria completa en PDF\"><span class='avia_button_icon avia_button_icon_left avia-svg-icon avia-font-svg_entypo-fontello' data-av_svg_icon='right-open' data-av_iconset='svg_entypo-fontello'><svg version=\"1.1\" xmlns=\"http:\/\/www.w3.org\/2000\/svg\" width=\"11\" height=\"32\" viewBox=\"0 0 11 32\" preserveAspectRatio=\"xMidYMid meet\" aria-labelledby='av-svg-title-1' aria-describedby='av-svg-desc-1' role=\"graphics-symbol\">\n<title id='av-svg-title-1'>Right-open<\/title>\n<desc id='av-svg-desc-1'>Right-open<\/desc>\n<path d=\"M3.136 7.168l7.232 7.552q0.512 0.512 0.512 1.28 0 0.704-0.512 1.216l-7.232 7.552q-0.512 0.512-1.28 0.512t-1.28-0.512q-1.152-1.152 0-2.56l5.952-6.208-5.952-6.272q-1.152-1.408 0-2.56 0.512-0.512 1.312-0.512t1.248 0.512z\"><\/path>\n<\/svg><\/span><span class='avia_iconbox_title' >Teoria completa en PDF<\/span><\/a><\/div><\/p><\/div><\/p>\n","protected":false},"excerpt":{"rendered":"","protected":false},"author":1,"featured_media":0,"parent":0,"menu_order":0,"comment_status":"closed","ping_status":"closed","template":"","meta":{"footnotes":""},"class_list":["post-411","page","type-page","status-publish","hentry"],"yoast_head":"<!-- This site is optimized with the Yoast SEO plugin v24.9 - https:\/\/yoast.com\/wordpress\/plugins\/seo\/ -->\n<title>C\u00e9sar Suari - keops<\/title>\n<meta name=\"description\" content=\"Coneix C\u00e9sar Sauri, expert en electr\u00f2nica i apassionat investigador de la pir\u00e0mide de Keops. Descobreix-ne la teoria sobre el prop\u00f2sit.\" \/>\n<meta name=\"robots\" content=\"index, follow, max-snippet:-1, max-image-preview:large, max-video-preview:-1\" \/>\n<link rel=\"canonical\" href=\"https:\/\/keopshidroluminic.com\/ca\/cesar-suari\/\" \/>\n<meta property=\"og:locale\" content=\"ca_ES\" \/>\n<meta property=\"og:type\" content=\"article\" \/>\n<meta property=\"og:title\" content=\"C\u00e9sar Suari - keops\" \/>\n<meta property=\"og:description\" content=\"Coneix C\u00e9sar Sauri, expert en electr\u00f2nica i apassionat investigador de la pir\u00e0mide de Keops. Descobreix-ne la teoria sobre el prop\u00f2sit.\" \/>\n<meta property=\"og:url\" content=\"https:\/\/keopshidroluminic.com\/ca\/cesar-suari\/\" \/>\n<meta property=\"og:site_name\" content=\"keops\" \/>\n<meta property=\"article:modified_time\" content=\"2025-03-27T11:29:48+00:00\" \/>\n<meta name=\"twitter:card\" content=\"summary_large_image\" \/>\n<meta name=\"twitter:label1\" content=\"Temps estimat de lectura\" \/>\n\t<meta name=\"twitter:data1\" content=\"2 minuts\" \/>\n<script type=\"application\/ld+json\" class=\"yoast-schema-graph\">{\"@context\":\"https:\/\/schema.org\",\"@graph\":[{\"@type\":\"WebPage\",\"@id\":\"https:\/\/keopshidroluminic.com\/ca\/cesar-suari\/\",\"url\":\"https:\/\/keopshidroluminic.com\/ca\/cesar-suari\/\",\"name\":\"C\u00e9sar Suari - keops\",\"isPartOf\":{\"@id\":\"https:\/\/keopshidroluminic.com\/#website\"},\"datePublished\":\"2025-02-25T08:33:40+00:00\",\"dateModified\":\"2025-03-27T11:29:48+00:00\",\"description\":\"Coneix C\u00e9sar Sauri, expert en electr\u00f2nica i apassionat investigador de la pir\u00e0mide de Keops. Descobreix-ne la teoria sobre el prop\u00f2sit.\",\"breadcrumb\":{\"@id\":\"https:\/\/keopshidroluminic.com\/ca\/cesar-suari\/#breadcrumb\"},\"inLanguage\":\"ca\",\"potentialAction\":[{\"@type\":\"ReadAction\",\"target\":[\"https:\/\/keopshidroluminic.com\/ca\/cesar-suari\/\"]}]},{\"@type\":\"BreadcrumbList\",\"@id\":\"https:\/\/keopshidroluminic.com\/ca\/cesar-suari\/#breadcrumb\",\"itemListElement\":[{\"@type\":\"ListItem\",\"position\":1,\"name\":\"Portada\",\"item\":\"https:\/\/keopshidroluminic.com\/ca\/inici\/\"},{\"@type\":\"ListItem\",\"position\":2,\"name\":\"C\u00e9sar Suari\"}]},{\"@type\":\"WebSite\",\"@id\":\"https:\/\/keopshidroluminic.com\/#website\",\"url\":\"https:\/\/keopshidroluminic.com\/\",\"name\":\"keops\",\"description\":\"\",\"potentialAction\":[{\"@type\":\"SearchAction\",\"target\":{\"@type\":\"EntryPoint\",\"urlTemplate\":\"https:\/\/keopshidroluminic.com\/?s={search_term_string}\"},\"query-input\":{\"@type\":\"PropertyValueSpecification\",\"valueRequired\":true,\"valueName\":\"search_term_string\"}}],\"inLanguage\":\"ca\"}]}<\/script>\n<!-- \/ Yoast SEO plugin. -->","yoast_head_json":{"title":"C\u00e9sar Suari - keops","description":"Coneix C\u00e9sar Sauri, expert en electr\u00f2nica i apassionat investigador de la pir\u00e0mide de Keops. Descobreix-ne la teoria sobre el prop\u00f2sit.","robots":{"index":"index","follow":"follow","max-snippet":"max-snippet:-1","max-image-preview":"max-image-preview:large","max-video-preview":"max-video-preview:-1"},"canonical":"https:\/\/keopshidroluminic.com\/ca\/cesar-suari\/","og_locale":"ca_ES","og_type":"article","og_title":"C\u00e9sar Suari - keops","og_description":"Coneix C\u00e9sar Sauri, expert en electr\u00f2nica i apassionat investigador de la pir\u00e0mide de Keops. Descobreix-ne la teoria sobre el prop\u00f2sit.","og_url":"https:\/\/keopshidroluminic.com\/ca\/cesar-suari\/","og_site_name":"keops","article_modified_time":"2025-03-27T11:29:48+00:00","twitter_card":"summary_large_image","twitter_misc":{"Temps estimat de lectura":"2 minuts"},"schema":{"@context":"https:\/\/schema.org","@graph":[{"@type":"WebPage","@id":"https:\/\/keopshidroluminic.com\/ca\/cesar-suari\/","url":"https:\/\/keopshidroluminic.com\/ca\/cesar-suari\/","name":"C\u00e9sar Suari - keops","isPartOf":{"@id":"https:\/\/keopshidroluminic.com\/#website"},"datePublished":"2025-02-25T08:33:40+00:00","dateModified":"2025-03-27T11:29:48+00:00","description":"Coneix C\u00e9sar Sauri, expert en electr\u00f2nica i apassionat investigador de la pir\u00e0mide de Keops. Descobreix-ne la teoria sobre el prop\u00f2sit.","breadcrumb":{"@id":"https:\/\/keopshidroluminic.com\/ca\/cesar-suari\/#breadcrumb"},"inLanguage":"ca","potentialAction":[{"@type":"ReadAction","target":["https:\/\/keopshidroluminic.com\/ca\/cesar-suari\/"]}]},{"@type":"BreadcrumbList","@id":"https:\/\/keopshidroluminic.com\/ca\/cesar-suari\/#breadcrumb","itemListElement":[{"@type":"ListItem","position":1,"name":"Portada","item":"https:\/\/keopshidroluminic.com\/ca\/inici\/"},{"@type":"ListItem","position":2,"name":"C\u00e9sar Suari"}]},{"@type":"WebSite","@id":"https:\/\/keopshidroluminic.com\/#website","url":"https:\/\/keopshidroluminic.com\/","name":"keops","description":"","potentialAction":[{"@type":"SearchAction","target":{"@type":"EntryPoint","urlTemplate":"https:\/\/keopshidroluminic.com\/?s={search_term_string}"},"query-input":{"@type":"PropertyValueSpecification","valueRequired":true,"valueName":"search_term_string"}}],"inLanguage":"ca"}]}},"_links":{"self":[{"href":"https:\/\/keopshidroluminic.com\/ca\/wp-json\/wp\/v2\/pages\/411","targetHints":{"allow":["GET"]}}],"collection":[{"href":"https:\/\/keopshidroluminic.com\/ca\/wp-json\/wp\/v2\/pages"}],"about":[{"href":"https:\/\/keopshidroluminic.com\/ca\/wp-json\/wp\/v2\/types\/page"}],"author":[{"embeddable":true,"href":"https:\/\/keopshidroluminic.com\/ca\/wp-json\/wp\/v2\/users\/1"}],"replies":[{"embeddable":true,"href":"https:\/\/keopshidroluminic.com\/ca\/wp-json\/wp\/v2\/comments?post=411"}],"version-history":[{"count":0,"href":"https:\/\/keopshidroluminic.com\/ca\/wp-json\/wp\/v2\/pages\/411\/revisions"}],"wp:attachment":[{"href":"https:\/\/keopshidroluminic.com\/ca\/wp-json\/wp\/v2\/media?parent=411"}],"curies":[{"name":"wp","href":"https:\/\/api.w.org\/{rel}","templated":true}]}}