{"id":408,"date":"2025-02-25T08:33:52","date_gmt":"2025-02-25T08:33:52","guid":{"rendered":"https:\/\/keopshidroluminic.com\/contacto\/"},"modified":"2025-04-02T11:27:31","modified_gmt":"2025-04-02T11:27:31","slug":"contacte","status":"publish","type":"page","link":"https:\/\/keopshidroluminic.com\/ca\/contacte\/","title":{"rendered":"Contacte"},"content":{"rendered":"\n<style type=\"text\/css\" data-created_by=\"avia_inline_auto\" id=\"style-css-av-m8ilye6i-fac3acaf80372e1a90c614cdef7d7866\">\n.avia-section.av-m8ilye6i-fac3acaf80372e1a90c614cdef7d7866{\nbackground-repeat:no-repeat;\nbackground-image:url(https:\/\/keopshidroluminic.com\/wp-content\/uploads\/2025\/03\/bg-egipt.jpg);\nbackground-position:50% 100%;\nbackground-attachment:scroll;\n}\n.avia-section.av-m8ilye6i-fac3acaf80372e1a90c614cdef7d7866 .av-section-color-overlay{\nopacity:0.7;\nbackground-color:#302e2f;\n}\n<\/style>\n<div id='av_section_1'  class='avia-section av-m8ilye6i-fac3acaf80372e1a90c614cdef7d7866 main_color avia-section-default avia-no-border-styling  avia-builder-el-0  el_before_av_one_half  avia-builder-el-first  avia-full-stretch avia-bg-style-scroll av-section-color-overlay-active av-minimum-height av-minimum-height-25 av-height-25  container_wrap fullsize'  data-section-bg-repeat='stretch' data-av_minimum_height_pc='25' data-av_min_height_opt='25'><div class=\"av-section-color-overlay-wrap\"><div class=\"av-section-color-overlay\"><\/div><div class='container av-section-cont-open' ><main  role=\"main\" itemprop=\"mainContentOfPage\"  class='template-page content  av-content-full alpha units'><div class='post-entry post-entry-type-page post-entry-408'><div class='entry-content-wrapper clearfix'>\n<div  class='flex_column av-2hoj-8b3ca24c9da148977b3fe30a81f8e37e av_one_full  avia-builder-el-1  avia-builder-el-no-sibling  first flex_column_div  '     ><p>\n<style type=\"text\/css\" data-created_by=\"avia_inline_auto\" id=\"style-css-av-m8ilzp2c-baf928a7c713df789ac7d9068f48c595\">\n#top .av-special-heading.av-m8ilzp2c-baf928a7c713df789ac7d9068f48c595{\npadding-bottom:10px;\n}\nbody .av-special-heading.av-m8ilzp2c-baf928a7c713df789ac7d9068f48c595 .av-special-heading-tag .heading-char{\nfont-size:25px;\n}\n.av-special-heading.av-m8ilzp2c-baf928a7c713df789ac7d9068f48c595 .av-subheading{\nfont-size:15px;\n}\n<\/style>\n<div  class='av-special-heading av-m8ilzp2c-baf928a7c713df789ac7d9068f48c595 av-special-heading-h1 blockquote modern-quote modern-centered  avia-builder-el-2  el_before_av_hr  avia-builder-el-first '><h1 class='av-special-heading-tag '  itemprop=\"headline\"  >Contacte<\/h1><div class=\"special-heading-border\"><div class=\"special-heading-inner-border\"><\/div><\/div><\/div><br \/>\n\n<style type=\"text\/css\" data-created_by=\"avia_inline_auto\" id=\"style-css-av-m8im0e8s-05dd52865f16e901aa2334ff2cbee1db\">\n#top .hr.av-m8im0e8s-05dd52865f16e901aa2334ff2cbee1db{\nmargin-top:5px;\nmargin-bottom:5px;\n}\n.hr.av-m8im0e8s-05dd52865f16e901aa2334ff2cbee1db .hr-inner{\nwidth:50px;\nborder-color:#ffffff;\n}\n<\/style>\n<div  class='hr av-m8im0e8s-05dd52865f16e901aa2334ff2cbee1db hr-custom  avia-builder-el-3  el_after_av_heading  avia-builder-el-last  hr-center hr-icon-no'><span class='hr-inner inner-border-av-border-fat'><span class=\"hr-inner-style\"><\/span><\/span><\/div><\/p><\/div>\n<\/div><\/div><\/main><!-- close content main element --><\/div><\/div><\/div><div id='after_section_1'  class='main_color av_default_container_wrap container_wrap fullsize'  ><div class='container av-section-cont-open' ><div class='template-page content  av-content-full alpha units'><div class='post-entry post-entry-type-page post-entry-408'><div class='entry-content-wrapper clearfix'>\n<div  class='flex_column av-2ypor-a5e3fa2137335d6743775e78e5a24632 av_one_half  avia-builder-el-4  el_after_av_section  el_before_av_one_half  avia-builder-el-first  first flex_column_div  '     ><section  class='av_textblock_section av-m8im5xsb-33c0847e86e9819c2b0800e58e102140 '   itemscope=\"itemscope\" itemtype=\"https:\/\/schema.org\/CreativeWork\" ><div class='avia_textblock'  itemprop=\"text\" ><p class=\"\" data-start=\"44\" data-end=\"173\">Si tens preguntes, comentaris o vols debatre m\u00e9s sobre la meva teoria sobre la Pir\u00e0mide de Keops, estar\u00e9 encantat de escoltar-te.<\/p>\n<p class=\"\" data-start=\"175\" data-end=\"228\">Pots contactar amb mi a trav\u00e9s del<strong> seg\u00fcent formulari.<\/strong><\/p>\n<p class=\"\" data-start=\"230\" data-end=\"291\">O enviar-me un <strong>correu electr\u00f2nic<\/strong> a <a href=\"mailto:info@keopshidroluminic.com\" target=\"_blank\" rel=\"noopener\" data-start=\"265\" data-end=\"291\">info@keopshidroluminic.com<\/a><\/p>\n<p class=\"\" data-start=\"293\" data-end=\"404\">Tamb\u00e9 em pots seguir a les meves <strong>xarxes socials<\/strong> per estar al corrent de noves investigacions i actualitzacions.<\/p>\n<p class=\"\" data-start=\"406\" data-end=\"519\">Si ets investigador, arque\u00f2leg o simplement un apassionat de l&#8217;egiptologia, m&#8217;encantaria con\u00e8ixer la teva opini\u00f3!<\/p>\n<\/div><\/section><br \/>\n\n<style type=\"text\/css\" data-created_by=\"avia_inline_auto\" id=\"style-css-av-m8imc73s-ab8c6958d4ff0e322aa880815bcd3c73\">\n#top .avia-icon-list-container.av-m8imc73s-ab8c6958d4ff0e322aa880815bcd3c73 .iconlist_icon{\nbackground-color:#a18c65;\n}\n<\/style>\n<div  class='avia-icon-list-container av-m8imc73s-ab8c6958d4ff0e322aa880815bcd3c73  avia-builder-el-6  el_after_av_textblock  avia-builder-el-last '><ul class='avia-icon-list avia_animate_when_almost_visible avia-icon-list-left av-iconlist-big av-m8imc73s-ab8c6958d4ff0e322aa880815bcd3c73 avia-iconlist-animate'>\n<li><div class='iconlist_icon av-m8im9y9u-31be70991220a99f3d47eb44aefd059e avia-font-entypo-fontello avia-iconfont avia-font-entypo-fontello'><span class='av-icon-char' data-av_icon='\uf16d' data-av_iconfont='entypo-fontello' aria-hidden=\"true\"><\/span><\/div><article class=\"article-icon-entry av-iconlist-empty\"  itemscope=\"itemscope\" itemtype=\"https:\/\/schema.org\/CreativeWork\" ><div class=\"iconlist_content_wrap\"><header class=\"entry-content-header\" aria-label=\"Icon: &lt;a href=&#039;https:\/\/www.instagram.com\/keopshidroluminic\/&#039; title=&#039;@keopshidroluminic&#039; target=&quot;_blank&quot;  rel=&quot;noopener noreferrer&quot;&gt;@keopshidroluminic&lt;\/a&gt;\"><h4 class='av_iconlist_title iconlist_title  '  itemprop=\"headline\" ><a href='https:\/\/www.instagram.com\/keopshidroluminic\/' title='@keopshidroluminic' target=\"_blank\"  rel=\"noopener noreferrer\">@keopshidroluminic<\/a><\/h4><\/header><div class='iconlist_content '  itemprop=\"text\" ><\/div><\/div><footer class=\"entry-footer\"><\/footer><\/article><div class=\"iconlist-timeline\"><\/div><\/li>\n<\/ul><\/div><\/p><\/div>\n<div  class='flex_column av-223dr-1ace96fe43f0aef963c9a1fdbe498fc7 av_one_half  avia-builder-el-7  el_after_av_one_half  avia-builder-el-last  flex_column_div  '     ><form action=\"https:\/\/keopshidroluminic.com\/ca\/contacte\/\" method=\"post\" data-fields-with-error=\"Found errors in the following field(s):\" class=\"avia_ajax_form av-form-labels-hidden   avia-builder-el-8  avia-builder-el-no-sibling   \" data-avia-form-id=\"1\" data-avia-redirect=''  aria-label='Formulario de contacto' ><fieldset><p class='  first_form  form_element form_element_half' id='element_avia_1_1'><label for=\"avia_1_1\">Nom <abbr class=\"required\" title=\"obligatori\">*<\/abbr><\/label> <input name=\"avia_1_1\" class=\"text_input is_empty\" type=\"text\" id=\"avia_1_1\" value=\"\"  placeholder='Nom*'\/><\/p><p class='  form_element form_element_half' id='element_avia_2_1'><label for=\"avia_2_1\">Correu electr\u00f2nic <abbr class=\"required\" title=\"obligatori\">*<\/abbr><\/label> <input name=\"avia_2_1\" class=\"text_input is_email\" type=\"text\" id=\"avia_2_1\" value=\"\"  placeholder='Correu electr\u00f2nic*'\/><\/p><p class='  first_form  form_element form_fullwidth' id='element_avia_3_1'><label for=\"avia_3_1\" class=\"textare_label hidden textare_label_avia_3_1\">Comentari <abbr class=\"required\" title=\"obligatori\">*<\/abbr><\/label><textarea  placeholder='Comentari*' name=\"avia_3_1\" class=\"text_area is_empty\" cols=\"40\" rows=\"7\" id=\"avia_3_1\" ><\/textarea><\/p><p class=\"hidden\"><input type=\"text\" name=\"avia_4_1\" class=\"hidden \" id=\"avia_4_1\" value=\"\" \/><\/p><div id='avia_5_1' class='av-recaptcha-area  first_form  form_element form_fullwidth av-last-visible-form-element '  data-container_class=\"\" data-custom_class=\"\" data-context=\"av_contact_form\" data-token_input=\"av_recaptcha_token\" data-version=\"avia_recaptcha_v3\" data-theme=\"light\" data-size=\"normal\" data-score=\"0.5\" data-text_to_preview=\"\" data-value=\"\"><div class=\"av-google-badge-message hidden\">This site is protected by reCAPTCHA and the Google <a href=\"https:\/\/policies.google.com\/privacy\">Privacy Policy<\/a> and <a href=\"https:\/\/policies.google.com\/terms\">Terms of Service<\/a> apply.<\/div><\/div><p class=' av_form_privacy_check av_contact_privacy_check first_form  form_element form_fullwidth' id='element_avia_6_1'><input  name=\"avia_6_1\" class=\"input_checkbox is_empty\" type=\"checkbox\" id=\"avia_6_1\" value=\"true\"\/><label class=\"input_checkbox_label\" for=\"avia_6_1\">Accepto els termes i condicions establerts a la <a href='https:\/\/keopshidroluminic.com\/politica-de-privacidad\/' target='_blank'> Pol\u00edtica de privadesa<\/a> <abbr class=\"required\" title=\"obligatori\">*<\/abbr><\/label><\/p><p class=\"form_element \"><input type=\"hidden\" value=\"1\" name=\"avia_generated_form1\" \/><input type=\"submit\" value=\"Enviar\" class=\"button\"  data-sending-label=\"Enviant\"\/><\/p><\/fieldset><div class=\"avia-disabled-form\">This contact form is deactivated because you refused to accept Google reCaptcha service which is necessary to validate any messages sent by the form.<\/div><\/form><div id=\"ajaxresponse_1\" class=\"ajaxresponse ajaxresponse_1 hidden\"><\/div><\/div>\n","protected":false},"excerpt":{"rendered":"","protected":false},"author":1,"featured_media":0,"parent":0,"menu_order":0,"comment_status":"closed","ping_status":"closed","template":"","meta":{"footnotes":""},"class_list":["post-408","page","type-page","status-publish","hentry"],"yoast_head":"<!-- This site is optimized with the Yoast SEO plugin v24.9 - https:\/\/yoast.com\/wordpress\/plugins\/seo\/ -->\n<title>Contacte - keops<\/title>\n<meta name=\"description\" content=\"Contacta amb nosaltres per a m\u00e9s informaci\u00f3 sobre la teoria de la Gran Pir\u00e0mide de Keops. Resolem els teus dubtes i escoltem les teves opinions.\" \/>\n<meta name=\"robots\" content=\"index, follow, max-snippet:-1, max-image-preview:large, max-video-preview:-1\" \/>\n<link rel=\"canonical\" href=\"https:\/\/keopshidroluminic.com\/ca\/contacte\/\" \/>\n<meta property=\"og:locale\" content=\"ca_ES\" \/>\n<meta property=\"og:type\" content=\"article\" \/>\n<meta property=\"og:title\" content=\"Contacte - keops\" \/>\n<meta property=\"og:description\" content=\"Contacta amb nosaltres per a m\u00e9s informaci\u00f3 sobre la teoria de la Gran Pir\u00e0mide de Keops. Resolem els teus dubtes i escoltem les teves opinions.\" \/>\n<meta property=\"og:url\" content=\"https:\/\/keopshidroluminic.com\/ca\/contacte\/\" \/>\n<meta property=\"og:site_name\" content=\"keops\" \/>\n<meta property=\"article:modified_time\" content=\"2025-04-02T11:27:31+00:00\" \/>\n<meta name=\"twitter:card\" content=\"summary_large_image\" \/>\n<meta name=\"twitter:label1\" content=\"Temps estimat de lectura\" \/>\n\t<meta name=\"twitter:data1\" content=\"1 minut\" \/>\n<script type=\"application\/ld+json\" class=\"yoast-schema-graph\">{\"@context\":\"https:\/\/schema.org\",\"@graph\":[{\"@type\":\"WebPage\",\"@id\":\"https:\/\/keopshidroluminic.com\/ca\/contacte\/\",\"url\":\"https:\/\/keopshidroluminic.com\/ca\/contacte\/\",\"name\":\"Contacte - keops\",\"isPartOf\":{\"@id\":\"https:\/\/keopshidroluminic.com\/#website\"},\"datePublished\":\"2025-02-25T08:33:52+00:00\",\"dateModified\":\"2025-04-02T11:27:31+00:00\",\"description\":\"Contacta amb nosaltres per a m\u00e9s informaci\u00f3 sobre la teoria de la Gran Pir\u00e0mide de Keops. Resolem els teus dubtes i escoltem les teves opinions.\",\"breadcrumb\":{\"@id\":\"https:\/\/keopshidroluminic.com\/ca\/contacte\/#breadcrumb\"},\"inLanguage\":\"ca\",\"potentialAction\":[{\"@type\":\"ReadAction\",\"target\":[\"https:\/\/keopshidroluminic.com\/ca\/contacte\/\"]}]},{\"@type\":\"BreadcrumbList\",\"@id\":\"https:\/\/keopshidroluminic.com\/ca\/contacte\/#breadcrumb\",\"itemListElement\":[{\"@type\":\"ListItem\",\"position\":1,\"name\":\"Portada\",\"item\":\"https:\/\/keopshidroluminic.com\/ca\/inici\/\"},{\"@type\":\"ListItem\",\"position\":2,\"name\":\"Contacte\"}]},{\"@type\":\"WebSite\",\"@id\":\"https:\/\/keopshidroluminic.com\/#website\",\"url\":\"https:\/\/keopshidroluminic.com\/\",\"name\":\"keops\",\"description\":\"\",\"potentialAction\":[{\"@type\":\"SearchAction\",\"target\":{\"@type\":\"EntryPoint\",\"urlTemplate\":\"https:\/\/keopshidroluminic.com\/?s={search_term_string}\"},\"query-input\":{\"@type\":\"PropertyValueSpecification\",\"valueRequired\":true,\"valueName\":\"search_term_string\"}}],\"inLanguage\":\"ca\"}]}<\/script>\n<!-- \/ Yoast SEO plugin. -->","yoast_head_json":{"title":"Contacte - keops","description":"Contacta amb nosaltres per a m\u00e9s informaci\u00f3 sobre la teoria de la Gran Pir\u00e0mide de Keops. Resolem els teus dubtes i escoltem les teves opinions.","robots":{"index":"index","follow":"follow","max-snippet":"max-snippet:-1","max-image-preview":"max-image-preview:large","max-video-preview":"max-video-preview:-1"},"canonical":"https:\/\/keopshidroluminic.com\/ca\/contacte\/","og_locale":"ca_ES","og_type":"article","og_title":"Contacte - keops","og_description":"Contacta amb nosaltres per a m\u00e9s informaci\u00f3 sobre la teoria de la Gran Pir\u00e0mide de Keops. Resolem els teus dubtes i escoltem les teves opinions.","og_url":"https:\/\/keopshidroluminic.com\/ca\/contacte\/","og_site_name":"keops","article_modified_time":"2025-04-02T11:27:31+00:00","twitter_card":"summary_large_image","twitter_misc":{"Temps estimat de lectura":"1 minut"},"schema":{"@context":"https:\/\/schema.org","@graph":[{"@type":"WebPage","@id":"https:\/\/keopshidroluminic.com\/ca\/contacte\/","url":"https:\/\/keopshidroluminic.com\/ca\/contacte\/","name":"Contacte - keops","isPartOf":{"@id":"https:\/\/keopshidroluminic.com\/#website"},"datePublished":"2025-02-25T08:33:52+00:00","dateModified":"2025-04-02T11:27:31+00:00","description":"Contacta amb nosaltres per a m\u00e9s informaci\u00f3 sobre la teoria de la Gran Pir\u00e0mide de Keops. Resolem els teus dubtes i escoltem les teves opinions.","breadcrumb":{"@id":"https:\/\/keopshidroluminic.com\/ca\/contacte\/#breadcrumb"},"inLanguage":"ca","potentialAction":[{"@type":"ReadAction","target":["https:\/\/keopshidroluminic.com\/ca\/contacte\/"]}]},{"@type":"BreadcrumbList","@id":"https:\/\/keopshidroluminic.com\/ca\/contacte\/#breadcrumb","itemListElement":[{"@type":"ListItem","position":1,"name":"Portada","item":"https:\/\/keopshidroluminic.com\/ca\/inici\/"},{"@type":"ListItem","position":2,"name":"Contacte"}]},{"@type":"WebSite","@id":"https:\/\/keopshidroluminic.com\/#website","url":"https:\/\/keopshidroluminic.com\/","name":"keops","description":"","potentialAction":[{"@type":"SearchAction","target":{"@type":"EntryPoint","urlTemplate":"https:\/\/keopshidroluminic.com\/?s={search_term_string}"},"query-input":{"@type":"PropertyValueSpecification","valueRequired":true,"valueName":"search_term_string"}}],"inLanguage":"ca"}]}},"_links":{"self":[{"href":"https:\/\/keopshidroluminic.com\/ca\/wp-json\/wp\/v2\/pages\/408","targetHints":{"allow":["GET"]}}],"collection":[{"href":"https:\/\/keopshidroluminic.com\/ca\/wp-json\/wp\/v2\/pages"}],"about":[{"href":"https:\/\/keopshidroluminic.com\/ca\/wp-json\/wp\/v2\/types\/page"}],"author":[{"embeddable":true,"href":"https:\/\/keopshidroluminic.com\/ca\/wp-json\/wp\/v2\/users\/1"}],"replies":[{"embeddable":true,"href":"https:\/\/keopshidroluminic.com\/ca\/wp-json\/wp\/v2\/comments?post=408"}],"version-history":[{"count":0,"href":"https:\/\/keopshidroluminic.com\/ca\/wp-json\/wp\/v2\/pages\/408\/revisions"}],"wp:attachment":[{"href":"https:\/\/keopshidroluminic.com\/ca\/wp-json\/wp\/v2\/media?parent=408"}],"curies":[{"name":"wp","href":"https:\/\/api.w.org\/{rel}","templated":true}]}}